{"id":3784,"date":"2025-12-12T18:22:16","date_gmt":"2025-12-12T23:22:16","guid":{"rendered":"https:\/\/sanumbe.com\/?page_id=3784"},"modified":"2025-12-15T17:31:09","modified_gmt":"2025-12-15T22:31:09","slug":"contenido-digital","status":"publish","type":"page","link":"https:\/\/sanumbe.com\/es\/contenido-digital\/","title":{"rendered":"Contenido Digital"},"content":{"rendered":"<p>[et_pb_section fb_built=&#8221;1&#8243; _builder_version=&#8221;4.27.5&#8243; _module_preset=&#8221;default&#8221; da_disable_devices=&#8221;off|off|off&#8221; global_colors_info=&#8221;{}&#8221; da_is_popup=&#8221;off&#8221; da_exit_intent=&#8221;off&#8221; da_has_close=&#8221;on&#8221; da_alt_close=&#8221;off&#8221; da_dark_close=&#8221;off&#8221; da_not_modal=&#8221;on&#8221; da_is_singular=&#8221;off&#8221; da_with_loader=&#8221;off&#8221; da_has_shadow=&#8221;on&#8221;][et_pb_row _builder_version=&#8221;4.27.5&#8243; _module_preset=&#8221;default&#8221; global_colors_info=&#8221;{}&#8221;][et_pb_column type=&#8221;4_4&#8243; _builder_version=&#8221;4.27.5&#8243; _module_preset=&#8221;default&#8221; global_colors_info=&#8221;{}&#8221;][et_pb_text _builder_version=&#8221;4.27.5&#8243; _module_preset=&#8221;default&#8221; text_font=&#8221;League Spartan|700|||||||&#8221; text_text_color=&#8221;#cc1db8&#8243; text_font_size=&#8221;46px&#8221; custom_padding=&#8221;||57px|||&#8221; text_text_shadow_style=&#8221;preset1&#8243; global_colors_info=&#8221;{}&#8221;]<\/p>\n<p style=\"text-align: center;\">\n<p style=\"text-align: center;\">Contenido Digital<\/p>\n<p>[\/et_pb_text][et_pb_audio title=&#8221;Audios&#8221; album_name=&#8221;Aqu\u00ed se publicar\u00e1n los audios pr\u00f3ximamente&#8221; admin_label=&#8221;Audios&#8221; _builder_version=&#8221;4.27.5&#8243; _module_preset=&#8221;default&#8221; title_font=&#8221;League Spartan|700|||||||&#8221; title_text_align=&#8221;center&#8221; title_text_color=&#8221;gcid-cb062930-f386-4af9-9cbe-379776f7fbc3&#8243; title_font_size=&#8221;46px&#8221; title_letter_spacing=&#8221;5px&#8221; title_line_height=&#8221;0.4em&#8221; caption_font=&#8221;League Spartan|500|||||||&#8221; caption_text_color=&#8221;rgba(0,0,0,0.66)&#8221; caption_font_size=&#8221;22px&#8221; caption_line_height=&#8221;3em&#8221; background_color=&#8221;#FFFFFF&#8221; background_layout=&#8221;light&#8221; min_height=&#8221;146.4px&#8221; title_text_shadow_style=&#8221;preset3&#8243; global_colors_info=&#8221;{%22gcid-cb062930-f386-4af9-9cbe-379776f7fbc3%22:%91%22title_text_color%22%93}&#8221;][\/et_pb_audio][\/et_pb_column][\/et_pb_row][et_pb_row _builder_version=&#8221;4.27.5&#8243; _module_preset=&#8221;default&#8221; global_colors_info=&#8221;{}&#8221;][et_pb_column type=&#8221;4_4&#8243; _builder_version=&#8221;4.27.5&#8243; _module_preset=&#8221;default&#8221; global_colors_info=&#8221;{}&#8221;][et_pb_audio audio=&#8221;https:\/\/sanumbe.com\/wp-content\/uploads\/2025\/12\/Importancia-red-de-apoyo-.mp4&#8243; title=&#8221;Importancia red de apoyo&#8221; artist_name=&#8221;SanumBe&#8221; image_url=&#8221;https:\/\/sanumbe.com\/wp-content\/uploads\/2025\/12\/supportive-women-embracing-during-group-therapy-at-2025-06-30-20-59-27-utc-scaled.jpg&#8221; _builder_version=&#8221;4.27.5&#8243; _module_preset=&#8221;default&#8221; width=&#8221;100%&#8221; max_width=&#8221;100%&#8221; min_height=&#8221;100px&#8221; height=&#8221;176px&#8221; border_color_all=&#8221;RGBA(255,255,255,0)&#8221; border_color_all_image=&#8221;#cc1db8&#8243; box_shadow_style=&#8221;preset3&#8243; box_shadow_horizontal=&#8221;-9px&#8221; box_shadow_vertical=&#8221;15px&#8221; global_colors_info=&#8221;{}&#8221;][\/et_pb_audio][\/et_pb_column][\/et_pb_row][et_pb_row _builder_version=&#8221;4.27.5&#8243; _module_preset=&#8221;default&#8221; global_colors_info=&#8221;{}&#8221;][et_pb_column type=&#8221;4_4&#8243; _builder_version=&#8221;4.27.5&#8243; _module_preset=&#8221;default&#8221; global_colors_info=&#8221;{}&#8221;][et_pb_audio title=&#8221;Audio &#8211; Red de apoyo en el entorno laboral&#8221; artist_name=&#8221;SanumBe&#8221; _builder_version=&#8221;4.27.5&#8243; _module_preset=&#8221;default&#8221; link_option_url=&#8221;https:\/\/youtu.be\/ZHTsaWAG9cM?si=5xowDghWYoc-JzXX&#8221; hover_enabled=&#8221;0&#8243; sticky_enabled=&#8221;0&#8243; title_text=&#8221;business teamwork  together support group colleague businessman businesswoman team office startup student young colleague holding hug&#8221; image_url=&#8221;https:\/\/sanumbe.com\/wp-content\/uploads\/2025\/12\/people-active-lifestyle-2025-11-12-06-07-44-utc-scaled.jpg&#8221;][\/et_pb_audio][\/et_pb_column][\/et_pb_row][et_pb_row _builder_version=&#8221;4.27.5&#8243; _module_preset=&#8221;default&#8221; global_colors_info=&#8221;{}&#8221;][et_pb_column type=&#8221;4_4&#8243; _builder_version=&#8221;4.27.5&#8243; _module_preset=&#8221;default&#8221; global_colors_info=&#8221;{}&#8221;][et_pb_audio title=&#8221;C\u00e1psulas&#8221; album_name=&#8221;Aqu\u00ed se publicar\u00e1n pr\u00f3ximamente&#8221; admin_label=&#8221;Audios&#8221; _builder_version=&#8221;4.27.5&#8243; _module_preset=&#8221;default&#8221; title_font=&#8221;League Spartan|700|||||||&#8221; title_text_align=&#8221;center&#8221; title_text_color=&#8221;gcid-cb062930-f386-4af9-9cbe-379776f7fbc3&#8243; title_font_size=&#8221;46px&#8221; title_letter_spacing=&#8221;5px&#8221; title_line_height=&#8221;0.4em&#8221; caption_font=&#8221;League Spartan|600|||||||&#8221; caption_text_color=&#8221;#554550&#8243; caption_font_size=&#8221;18px&#8221; caption_line_height=&#8221;3em&#8221; background_color=&#8221;#FFFFFF&#8221; background_layout=&#8221;light&#8221; title_text_shadow_style=&#8221;preset3&#8243; global_colors_info=&#8221;{%22gcid-cb062930-f386-4af9-9cbe-379776f7fbc3%22:%91%22title_text_color%22%93}&#8221;][\/et_pb_audio][\/et_pb_column][\/et_pb_row][et_pb_row column_structure=&#8221;1_4,1_4,1_4,1_4&#8243; admin_label=&#8221;C\u00e1psulas&#8221; _builder_version=&#8221;4.27.5&#8243; _module_preset=&#8221;default&#8221; background_color=&#8221;#c6c6c6&#8243; link_option_url=&#8221;C\u00e1psulas&#8221; global_colors_info=&#8221;{}&#8221;][et_pb_column type=&#8221;1_4&#8243; _builder_version=&#8221;4.27.5&#8243; _module_preset=&#8221;default&#8221; global_colors_info=&#8221;{}&#8221;][et_pb_video src=&#8221;https:\/\/youtu.be\/LJ9VR6IfYO0?si=DqD1xOy6z3ympazU&#8221; _builder_version=&#8221;4.27.5&#8243; _module_preset=&#8221;default&#8221; hover_enabled=&#8221;0&#8243; global_colors_info=&#8221;{}&#8221; sticky_enabled=&#8221;0&#8243;][\/et_pb_video][et_pb_video src=&#8221;https:\/\/youtu.be\/nPSaBzNGSRM?si=xagkT1RI8NV-q6iL&#8221; _builder_version=&#8221;4.27.5&#8243; _module_preset=&#8221;default&#8221; hover_enabled=&#8221;0&#8243; global_colors_info=&#8221;{}&#8221; sticky_enabled=&#8221;0&#8243;][\/et_pb_video][\/et_pb_column][et_pb_column type=&#8221;1_4&#8243; _builder_version=&#8221;4.27.5&#8243; _module_preset=&#8221;default&#8221; global_colors_info=&#8221;{}&#8221;][et_pb_video_slider _builder_version=&#8221;4.27.5&#8243; _module_preset=&#8221;default&#8221; hover_enabled=&#8221;0&#8243; global_colors_info=&#8221;{}&#8221; sticky_enabled=&#8221;0&#8243;][et_pb_video_slider_item _builder_version=&#8221;4.27.5&#8243; _module_preset=&#8221;default&#8221; show_image_overlay=&#8221;off&#8221; src=&#8221;https:\/\/youtu.be\/KN6lRIn3o4c?si=tl6xFQ96xeA0Rite&#8221; hover_enabled=&#8221;0&#8243; sticky_enabled=&#8221;0&#8243;][\/et_pb_video_slider_item][\/et_pb_video_slider][\/et_pb_column][et_pb_column type=&#8221;1_4&#8243; _builder_version=&#8221;4.27.5&#8243; _module_preset=&#8221;default&#8221; global_colors_info=&#8221;{}&#8221;][et_pb_video src=&#8221;https:\/\/youtu.be\/NJkKIZ4EAZw?si=jZqKifpxxxmq0Z2y&#8221; _builder_version=&#8221;4.27.5&#8243; _module_preset=&#8221;default&#8221; hover_enabled=&#8221;0&#8243; global_colors_info=&#8221;{}&#8221; sticky_enabled=&#8221;0&#8243;][\/et_pb_video][\/et_pb_column][et_pb_column type=&#8221;1_4&#8243; _builder_version=&#8221;4.27.5&#8243; _module_preset=&#8221;default&#8221; global_colors_info=&#8221;{}&#8221;][et_pb_video src=&#8221;https:\/\/youtu.be\/Xjp5bKtSMJQ?si=43Xpv38AsYYbKnjs&#8221; _builder_version=&#8221;4.27.5&#8243; _module_preset=&#8221;default&#8221; hover_enabled=&#8221;0&#8243; global_colors_info=&#8221;{}&#8221; sticky_enabled=&#8221;0&#8243;][\/et_pb_video][\/et_pb_column][\/et_pb_row][et_pb_row _builder_version=&#8221;4.27.5&#8243; _module_preset=&#8221;default&#8221; global_colors_info=&#8221;{}&#8221;][et_pb_column type=&#8221;4_4&#8243; _builder_version=&#8221;4.27.5&#8243; _module_preset=&#8221;default&#8221; global_colors_info=&#8221;{}&#8221;][\/et_pb_column][\/et_pb_row][\/et_pb_section][et_pb_section fb_built=&#8221;1&#8243; fullwidth=&#8221;on&#8221; _builder_version=&#8221;4.27.5&#8243; _module_preset=&#8221;default&#8221; hover_enabled=&#8221;0&#8243; da_disable_devices=&#8221;off|off|off&#8221; global_colors_info=&#8221;{%22gcid-secondary-color%22:%91%22top_divider_color%22%93}&#8221; inner_shadow=&#8221;on&#8221; sticky_enabled=&#8221;0&#8243; transform_scale=&#8221;102%|102%&#8221; da_is_popup=&#8221;off&#8221; da_exit_intent=&#8221;off&#8221; da_has_close=&#8221;on&#8221; da_alt_close=&#8221;off&#8221; da_dark_close=&#8221;off&#8221; da_not_modal=&#8221;on&#8221; da_is_singular=&#8221;off&#8221; da_with_loader=&#8221;off&#8221; da_has_shadow=&#8221;on&#8221;][et_pb_fullwidth_slider admin_label=&#8221;Infograf\u00edas&#8221; _builder_version=&#8221;4.27.5&#8243; _module_preset=&#8221;default&#8221; header_font=&#8221;League Spartan|700|||||||&#8221; header_text_color=&#8221;#cc1db8&#8243; body_text_color=&#8221;rgba(0,0,0,0.92)&#8221; body_line_height=&#8221;2.9em&#8221; background_color=&#8221;#ececec&#8221; text_shadow_style=&#8221;preset3&#8243; global_colors_info=&#8221;{}&#8221;][et_pb_slide heading=&#8221;Infograf\u00edas&#8221; _builder_version=&#8221;4.27.5&#8243; _module_preset=&#8221;default&#8221; global_colors_info=&#8221;{}&#8221; sticky_transition=&#8221;on&#8221;]<\/p>\n<p><em>Aqu\u00ed se publicar\u00e1n pr\u00f3ximamente.<\/em><\/p>\n<p>[\/et_pb_slide][et_pb_slide heading=&#8221;Your Title Goes Here&#8221; button_text=&#8221;Click Here&#8221; _builder_version=&#8221;4.27.5&#8243; _module_preset=&#8221;default&#8221; global_colors_info=&#8221;{}&#8221; sticky_transition=&#8221;on&#8221;]<\/p>\n<p>Your content goes here. Edit or remove this text inline or in the module Content settings. You can also style every aspect of this content in the module Design settings and even apply custom CSS to this text in the module Advanced settings.<\/p>\n<p>[\/et_pb_slide][\/et_pb_fullwidth_slider][\/et_pb_section][et_pb_section fb_built=&#8221;1&#8243; _builder_version=&#8221;4.27.5&#8243; _module_preset=&#8221;default&#8221; da_disable_devices=&#8221;off|off|off&#8221; global_colors_info=&#8221;{}&#8221; da_is_popup=&#8221;off&#8221; da_exit_intent=&#8221;off&#8221; da_has_close=&#8221;on&#8221; da_alt_close=&#8221;off&#8221; da_dark_close=&#8221;off&#8221; da_not_modal=&#8221;on&#8221; da_is_singular=&#8221;off&#8221; da_with_loader=&#8221;off&#8221; da_has_shadow=&#8221;on&#8221;][et_pb_row _builder_version=&#8221;4.27.5&#8243; _module_preset=&#8221;default&#8221; width=&#8221;41%&#8221; min_height=&#8221;325px&#8221; height=&#8221;127px&#8221; max_height=&#8221;905px&#8221; hover_enabled=&#8221;0&#8243; sticky_enabled=&#8221;0&#8243; custom_margin=&#8221;51px|||0px|false|false&#8221; module_alignment=&#8221;center&#8221; animation_style=&#8221;fade&#8221; use_custom_gutter=&#8221;on&#8221; make_equal=&#8221;on&#8221; gutter_width__hover_enabled=&#8221;off|desktop&#8221;][et_pb_column _builder_version=&#8221;4.27.5&#8243; _module_preset=&#8221;default&#8221; type=&#8221;4_4&#8243;][et_pb_gallery _builder_version=&#8221;4.27.5&#8243; _module_preset=&#8221;default&#8221; hover_enabled=&#8221;0&#8243; sticky_enabled=&#8221;0&#8243; gallery_ids=&#8221;3823,3822,3807,3806&#8243;][\/et_pb_gallery][\/et_pb_column][\/et_pb_row][\/et_pb_section][et_pb_section fb_built=&#8221;1&#8243; fullwidth=&#8221;on&#8221; _builder_version=&#8221;4.27.5&#8243; _module_preset=&#8221;default&#8221; da_disable_devices=&#8221;off|off|off&#8221; global_colors_info=&#8221;{}&#8221; da_is_popup=&#8221;off&#8221; da_exit_intent=&#8221;off&#8221; da_has_close=&#8221;on&#8221; da_alt_close=&#8221;off&#8221; da_dark_close=&#8221;off&#8221; da_not_modal=&#8221;on&#8221; da_is_singular=&#8221;off&#8221; da_with_loader=&#8221;off&#8221; da_has_shadow=&#8221;on&#8221;][\/et_pb_section][et_pb_section fb_built=&#8221;1&#8243; _builder_version=&#8221;4.27.5&#8243; _module_preset=&#8221;default&#8221; da_disable_devices=&#8221;off|off|off&#8221; global_colors_info=&#8221;{}&#8221; da_is_popup=&#8221;off&#8221; da_exit_intent=&#8221;off&#8221; da_has_close=&#8221;on&#8221; da_alt_close=&#8221;off&#8221; da_dark_close=&#8221;off&#8221; da_not_modal=&#8221;on&#8221; da_is_singular=&#8221;off&#8221; da_with_loader=&#8221;off&#8221; da_has_shadow=&#8221;on&#8221;][et_pb_row _builder_version=&#8221;4.27.5&#8243; _module_preset=&#8221;default&#8221; hover_enabled=&#8221;0&#8243; global_colors_info=&#8221;{}&#8221; sticky_enabled=&#8221;0&#8243;][et_pb_column type=&#8221;4_4&#8243; _builder_version=&#8221;4.27.5&#8243; _module_preset=&#8221;default&#8221; global_colors_info=&#8221;{}&#8221;][et_pb_text _builder_version=&#8221;4.27.5&#8243; _module_preset=&#8221;default&#8221; text_font=&#8221;League Spartan|600|||||||&#8221; text_text_color=&#8221;#cc1db8&#8243; text_font_size=&#8221;46px&#8221; text_line_height=&#8221;1.4em&#8221; text_text_shadow_style=&#8221;preset3&#8243; global_colors_info=&#8221;{}&#8221;]<\/p>\n<p style=\"text-align: center;\">Meditaciones<\/p>\n<p style=\"text-align: center;\">[\/et_pb_text][et_pb_divider color=&#8221;#ececec&#8221; _builder_version=&#8221;4.27.5&#8243; _module_preset=&#8221;default&#8221; global_colors_info=&#8221;{}&#8221;][\/et_pb_divider][et_pb_video_slider _builder_version=&#8221;4.27.5&#8243; _module_preset=&#8221;default&#8221; hover_enabled=&#8221;0&#8243; global_colors_info=&#8221;{}&#8221; sticky_enabled=&#8221;0&#8243; width=&#8221;51%&#8221; module_alignment=&#8221;center&#8221;][et_pb_video_slider_item src=&#8221;https:\/\/youtu.be\/vprnpm5UXzY?si=RWOGRxZD7kQa5dI3&#8243; _builder_version=&#8221;4.27.5&#8243; _module_preset=&#8221;default&#8221; hover_enabled=&#8221;0&#8243; global_colors_info=&#8221;{}&#8221; show_image_overlay=&#8221;off&#8221; sticky_enabled=&#8221;0&#8243;][\/et_pb_video_slider_item][\/et_pb_video_slider][et_pb_video_slider _builder_version=&#8221;4.27.5&#8243; _module_preset=&#8221;default&#8221; hover_enabled=&#8221;0&#8243; global_colors_info=&#8221;{}&#8221; sticky_enabled=&#8221;0&#8243; width=&#8221;51%&#8221; module_alignment=&#8221;center&#8221;][et_pb_video_slider_item src=&#8221;https:\/\/youtu.be\/qlNazi_R9OI?si=F85vBjCW1fdpW6vC&#8221; _builder_version=&#8221;4.27.5&#8243; _module_preset=&#8221;default&#8221; hover_enabled=&#8221;0&#8243; global_colors_info=&#8221;{}&#8221; show_image_overlay=&#8221;off&#8221; sticky_enabled=&#8221;0&#8243;][\/et_pb_video_slider_item][\/et_pb_video_slider][et_pb_wc_title _builder_version=&#8221;4.27.5&#8243; _module_preset=&#8221;default&#8221; global_colors_info=&#8221;{}&#8221;][\/et_pb_wc_title][\/et_pb_column][\/et_pb_row][\/et_pb_section]<\/p>\n","protected":false},"excerpt":{"rendered":"<p>Contenido DigitalAqu\u00ed se publicar\u00e1n pr\u00f3ximamente.Your content goes here. Edit or remove this text inline or in the module Content settings. You can also style every aspect of this content in the module Design settings and even apply custom CSS to this text in the module Advanced settings.Meditaciones<\/p>\n","protected":false},"author":1,"featured_media":0,"parent":0,"menu_order":0,"comment_status":"closed","ping_status":"closed","template":"","meta":{"_et_pb_use_builder":"on","_et_pb_old_content":"","_et_gb_content_width":"","footnotes":""},"class_list":["post-3784","page","type-page","status-publish","hentry"],"_links":{"self":[{"href":"https:\/\/sanumbe.com\/es\/wp-json\/wp\/v2\/pages\/3784","targetHints":{"allow":["GET"]}}],"collection":[{"href":"https:\/\/sanumbe.com\/es\/wp-json\/wp\/v2\/pages"}],"about":[{"href":"https:\/\/sanumbe.com\/es\/wp-json\/wp\/v2\/types\/page"}],"author":[{"embeddable":true,"href":"https:\/\/sanumbe.com\/es\/wp-json\/wp\/v2\/users\/1"}],"replies":[{"embeddable":true,"href":"https:\/\/sanumbe.com\/es\/wp-json\/wp\/v2\/comments?post=3784"}],"version-history":[{"count":24,"href":"https:\/\/sanumbe.com\/es\/wp-json\/wp\/v2\/pages\/3784\/revisions"}],"predecessor-version":[{"id":3831,"href":"https:\/\/sanumbe.com\/es\/wp-json\/wp\/v2\/pages\/3784\/revisions\/3831"}],"wp:attachment":[{"href":"https:\/\/sanumbe.com\/es\/wp-json\/wp\/v2\/media?parent=3784"}],"curies":[{"name":"wp","href":"https:\/\/api.w.org\/{rel}","templated":true}]}}