{"id":3678,"date":"2024-10-29T14:16:33","date_gmt":"2024-10-29T19:16:33","guid":{"rendered":"https:\/\/sanumbe.com\/?page_id=3678"},"modified":"2024-11-25T15:53:39","modified_gmt":"2024-11-25T20:53:39","slug":"elite-zen","status":"publish","type":"page","link":"https:\/\/sanumbe.com\/es\/elite-zen\/","title":{"rendered":"Bienestar \u00c9lite"},"content":{"rendered":"<p>[et_pb_section fb_built=&#8221;1&#8243; inner_shadow=&#8221;off&#8221; _builder_version=&#8221;4.27.2&#8243; _module_preset=&#8221;default&#8221; background_image=&#8221;https:\/\/sanumbe.com\/wp-content\/uploads\/2024\/08\/image.jpg&#8221; parallax=&#8221;on&#8221; min_height=&#8221;162px&#8221; custom_padding=&#8221;||0px|||&#8221; da_disable_devices=&#8221;off|off|off&#8221; global_colors_info=&#8221;{}&#8221; da_is_popup=&#8221;off&#8221; da_exit_intent=&#8221;off&#8221; da_has_close=&#8221;on&#8221; da_alt_close=&#8221;off&#8221; da_dark_close=&#8221;off&#8221; da_not_modal=&#8221;on&#8221; da_is_singular=&#8221;off&#8221; da_with_loader=&#8221;off&#8221; da_has_shadow=&#8221;on&#8221;][et_pb_row _builder_version=&#8221;4.27.0&#8243; _module_preset=&#8221;default&#8221; global_colors_info=&#8221;{}&#8221;][et_pb_column type=&#8221;4_4&#8243; _builder_version=&#8221;4.27.0&#8243; _module_preset=&#8221;default&#8221; global_colors_info=&#8221;{}&#8221;][et_pb_text _builder_version=&#8221;4.27.2&#8243; _module_preset=&#8221;default&#8221; text_font=&#8221;League Spartan|700|||||||&#8221; text_text_color=&#8221;#cc1db8&#8243; text_font_size=&#8221;40px&#8221; header_font=&#8221;League Spartan||||||||&#8221; header_text_align=&#8221;center&#8221; header_font_size=&#8221;52px&#8221; custom_margin=&#8221;||0px|||&#8221; custom_padding=&#8221;53px|||||&#8221; locked=&#8221;off&#8221; global_colors_info=&#8221;{}&#8221;]<\/p>\n<h1 class=\"font_0 wixui-rich-text__text\" style=\"font-size: 2em;\" text-align:=\"\" center=\"\"><span style=\"color: #cc1db8;\"><strong><span class=\"color_41 wixui-rich-text__text\"><span class=\"wixui-rich-text__text\">Bienestar \u00c9lite<\/span><\/span><\/strong><\/span><\/h1>\n<p>[\/et_pb_text][\/et_pb_column][\/et_pb_row][\/et_pb_section][et_pb_section fb_built=&#8221;1&#8243; inner_shadow=&#8221;off&#8221; _builder_version=&#8221;4.27.2&#8243; _module_preset=&#8221;default&#8221; min_height=&#8221;532.4px&#8221; custom_margin=&#8221;||||false|false&#8221; custom_padding=&#8221;30px||30px||true|false&#8221; da_disable_devices=&#8221;off|off|off&#8221; global_colors_info=&#8221;{}&#8221; da_is_popup=&#8221;off&#8221; da_exit_intent=&#8221;off&#8221; da_has_close=&#8221;on&#8221; da_alt_close=&#8221;off&#8221; da_dark_close=&#8221;off&#8221; da_not_modal=&#8221;on&#8221; da_is_singular=&#8221;off&#8221; da_with_loader=&#8221;off&#8221; da_has_shadow=&#8221;on&#8221;][et_pb_row _builder_version=&#8221;4.27.0&#8243; _module_preset=&#8221;default&#8221; background_color=&#8221;#e8e6e6&#8243; border_radii=&#8221;on|40px|40px|40px|40px&#8221; global_colors_info=&#8221;{}&#8221;][et_pb_column type=&#8221;4_4&#8243; _builder_version=&#8221;4.27.0&#8243; _module_preset=&#8221;default&#8221; global_colors_info=&#8221;{}&#8221;][et_pb_text _builder_version=&#8221;4.27.2&#8243; _module_preset=&#8221;default&#8221; text_font=&#8221;League Spartan|700|||||||&#8221; text_text_color=&#8221;#cc1db8&#8243; text_font_size=&#8221;27px&#8221; text_orientation=&#8221;center&#8221; custom_margin=&#8221;50px||30px||false|false&#8221; global_colors_info=&#8221;{}&#8221;]<\/p>\n<p><span>Elite Zen<\/span><\/p>\n<p>[\/et_pb_text][et_pb_image src=&#8221;https:\/\/sanumbe.com\/wp-content\/uploads\/2024\/11\/Banners-Pagina-web-2.png&#8221; title_text=&#8221;Bienestar \u00c9lite&#8221; align=&#8221;center&#8221; force_fullwidth=&#8221;on&#8221; _builder_version=&#8221;4.27.3&#8243; _module_preset=&#8221;default&#8221; module_alignment=&#8221;center&#8221; min_height=&#8221;100px&#8221; custom_padding=&#8221;|70px||70px|false|false&#8221; hover_enabled=&#8221;0&#8243; border_radii=&#8221;on|20px|20px|20px|20px&#8221; border_style_all=&#8221;dashed&#8221; box_shadow_style=&#8221;preset1&#8243; global_colors_info=&#8221;{}&#8221; sticky_enabled=&#8221;0&#8243;][\/et_pb_image][et_pb_text _builder_version=&#8221;4.27.2&#8243; _module_preset=&#8221;default&#8221; text_font=&#8221;Open Sans|300|||||||&#8221; text_text_color=&#8221;gcid-7ee5111a-eacc-4882-b5c7-095cf86ad5c7&#8243; text_font_size=&#8221;16px&#8221; text_letter_spacing=&#8221;1px&#8221; text_line_height=&#8221;1.5em&#8221; custom_margin=&#8221;20px|50px|40px|80px|false|false&#8221; custom_padding=&#8221;||0px|||&#8221; global_colors_info=&#8221;{%22gcid-7ee5111a-eacc-4882-b5c7-095cf86ad5c7%22:%91%22text_text_color%22%93}&#8221;]<\/p>\n<div id=\"comp-lv5m852n6\" class=\"HcOXKn c9GqVL QxJLC3 comp-lv5m852n6 wixui-rich-text\" data-testid=\"richTextElement\">\n<p style=\"text-align: justify;\">Ofrecemos un servicio exclusivo de bienestar VIP que combina equilibrio emocional e inteligencia financiera para aquellos que buscan un \u00e9xito integral. A trav\u00e9s de sesiones de coaching personalizado, asesor\u00eda en inversiones saludables y retiros de relajaci\u00f3n en destinos de lujo, potenciamos tu salud mental y tus finanzas.<\/p>\n<\/div>\n<div id=\"comp-lve6yfsw\" class=\"comp-lve6yfsw\" data-semantic-classname=\"button\" data-motion-enter=\"done\">\n<div class=\"StylableButton2545352419__container\"><\/div>\n<\/div>\n<p>[\/et_pb_text][et_pb_button button_url=&#8221;https:\/\/wa.me\/+573152047012&#8243; url_new_window=&#8221;on&#8221; button_text=&#8221;Cont\u00e1ctarme con un asesor&#8221; button_alignment=&#8221;center&#8221; _builder_version=&#8221;4.27.2&#8243; _module_preset=&#8221;default&#8221; button_text_size=&#8221;15px&#8221; button_bg_color=&#8221;#cc1db8&#8243; button_border_width=&#8221;0px&#8221; button_border_radius=&#8221;100px&#8221; button_font=&#8221;Open Sans|700|||||||&#8221; button_use_icon=&#8221;off&#8221; custom_margin=&#8221;||50px||false|false&#8221; animation_style=&#8221;slide&#8221; global_colors_info=&#8221;{}&#8221;][\/et_pb_button][\/et_pb_column][\/et_pb_row][\/et_pb_section][et_pb_section fb_built=&#8221;1&#8243; inner_shadow=&#8221;off&#8221; _builder_version=&#8221;4.27.2&#8243; _module_preset=&#8221;default&#8221; background_color=&#8221;#f0f0f0&#8243; min_height=&#8221;28px&#8221; custom_margin=&#8221;||-60px||false|false&#8221; custom_padding=&#8221;0px|||||&#8221; da_disable_devices=&#8221;off|off|off&#8221; global_colors_info=&#8221;{}&#8221; da_is_popup=&#8221;off&#8221; da_exit_intent=&#8221;off&#8221; da_has_close=&#8221;on&#8221; da_alt_close=&#8221;off&#8221; da_dark_close=&#8221;off&#8221; da_not_modal=&#8221;on&#8221; da_is_singular=&#8221;off&#8221; da_with_loader=&#8221;off&#8221; da_has_shadow=&#8221;on&#8221;][et_pb_row column_structure=&#8221;1_3,1_3,1_3&#8243; _builder_version=&#8221;4.27.0&#8243; _module_preset=&#8221;default&#8221; custom_margin=&#8221;6px|auto||auto|false|false&#8221; global_colors_info=&#8221;{}&#8221;][et_pb_column type=&#8221;1_3&#8243; _builder_version=&#8221;4.27.0&#8243; _module_preset=&#8221;default&#8221; global_colors_info=&#8221;{}&#8221;][et_pb_button button_url=&#8221;https:\/\/sanumbe.com\/bienestar-y-finanzas-2\/&#8221; button_text=&#8221;Anterior Servicio&#8221; button_alignment=&#8221;left&#8221; _builder_version=&#8221;4.27.0&#8243; _module_preset=&#8221;default&#8221; button_text_color=&#8221;#0a0a0a&#8221; button_bg_color=&#8221;#f0f0f0&#8243; button_border_width=&#8221;0px&#8221; button_font=&#8221;League Spartan|100|||||||&#8221; button_icon=&#8221;&#x23;||divi||400&#8243; button_icon_color=&#8221;#0a0a0a&#8221; button_icon_placement=&#8221;left&#8221; global_colors_info=&#8221;{}&#8221;][\/et_pb_button][\/et_pb_column][et_pb_column type=&#8221;1_3&#8243; _builder_version=&#8221;4.27.0&#8243; _module_preset=&#8221;default&#8221; global_colors_info=&#8221;{}&#8221;][et_pb_button button_url=&#8221;https:\/\/sanumbe.com\/servicios\/&#8221; button_text=&#8221;Servicios&#8221; button_alignment=&#8221;center&#8221; _builder_version=&#8221;4.27.0&#8243; _module_preset=&#8221;default&#8221; button_text_color=&#8221;#0a0a0a&#8221; button_bg_color=&#8221;#f0f0f0&#8243; button_border_width=&#8221;0px&#8221; button_font=&#8221;League Spartan|100|||||||&#8221; button_icon=&#8221;&#xf7ae;||fa||900&#8243; button_icon_color=&#8221;#0a0a0a&#8221; global_colors_info=&#8221;{}&#8221;][\/et_pb_button][\/et_pb_column][et_pb_column type=&#8221;1_3&#8243; _builder_version=&#8221;4.27.0&#8243; _module_preset=&#8221;default&#8221; global_colors_info=&#8221;{}&#8221;][et_pb_button button_url=&#8221;https:\/\/sanumbe.com\/bienestar-integral-personal-o-familiar-2\/&#8221; button_text=&#8221;Siguiente Servicio&#8221; button_alignment=&#8221;right&#8221; _builder_version=&#8221;4.27.0&#8243; _module_preset=&#8221;default&#8221; button_text_color=&#8221;#0a0a0a&#8221; button_bg_color=&#8221;#f0f0f0&#8243; button_border_width=&#8221;0px&#8221; button_font=&#8221;League Spartan|100|||||||&#8221; button_icon=&#8221;&#x24;||divi||400&#8243; button_icon_color=&#8221;#0a0a0a&#8221; global_colors_info=&#8221;{}&#8221;][\/et_pb_button][\/et_pb_column][\/et_pb_row][\/et_pb_section]<\/p>\n","protected":false},"excerpt":{"rendered":"<p>Bienestar \u00c9liteElite Zen Ofrecemos un servicio exclusivo de bienestar VIP que combina equilibrio emocional e inteligencia financiera para aquellos que buscan un \u00e9xito integral. A trav\u00e9s de sesiones de coaching personalizado, asesor\u00eda en inversiones saludables y retiros de relajaci\u00f3n en destinos de lujo, potenciamos tu salud mental y tus finanzas.<\/p>\n","protected":false},"author":3,"featured_media":0,"parent":0,"menu_order":0,"comment_status":"closed","ping_status":"closed","template":"","meta":{"_et_pb_use_builder":"on","_et_pb_old_content":"","_et_gb_content_width":"","footnotes":""},"class_list":["post-3678","page","type-page","status-publish","hentry"],"_links":{"self":[{"href":"https:\/\/sanumbe.com\/es\/wp-json\/wp\/v2\/pages\/3678","targetHints":{"allow":["GET"]}}],"collection":[{"href":"https:\/\/sanumbe.com\/es\/wp-json\/wp\/v2\/pages"}],"about":[{"href":"https:\/\/sanumbe.com\/es\/wp-json\/wp\/v2\/types\/page"}],"author":[{"embeddable":true,"href":"https:\/\/sanumbe.com\/es\/wp-json\/wp\/v2\/users\/3"}],"replies":[{"embeddable":true,"href":"https:\/\/sanumbe.com\/es\/wp-json\/wp\/v2\/comments?post=3678"}],"version-history":[{"count":7,"href":"https:\/\/sanumbe.com\/es\/wp-json\/wp\/v2\/pages\/3678\/revisions"}],"predecessor-version":[{"id":3770,"href":"https:\/\/sanumbe.com\/es\/wp-json\/wp\/v2\/pages\/3678\/revisions\/3770"}],"wp:attachment":[{"href":"https:\/\/sanumbe.com\/es\/wp-json\/wp\/v2\/media?parent=3678"}],"curies":[{"name":"wp","href":"https:\/\/api.w.org\/{rel}","templated":true}]}}