{"id":3351,"date":"2024-08-16T18:12:19","date_gmt":"2024-08-16T23:12:19","guid":{"rendered":"https:\/\/sanumbe.com\/?page_id=3351"},"modified":"2024-10-29T17:51:10","modified_gmt":"2024-10-29T22:51:10","slug":"bienestar-comunidades-2","status":"publish","type":"page","link":"https:\/\/sanumbe.com\/es\/bienestar-comunidades-2\/","title":{"rendered":"Bienestar Comunidades"},"content":{"rendered":"<p>[et_pb_section fb_built=&#8221;1&#8243; inner_shadow=&#8221;off&#8221; _builder_version=&#8221;4.27.0&#8243; _module_preset=&#8221;_initial&#8221; use_background_color_gradient=&#8221;off&#8221; background_image=&#8221;https:\/\/sanumbe.com\/wp-content\/uploads\/2024\/08\/image.jpg&#8221; min_height=&#8221;162px&#8221; custom_padding=&#8221;||0px|||&#8221; da_disable_devices=&#8221;off|off|off&#8221; global_colors_info=&#8221;{}&#8221; da_is_popup=&#8221;off&#8221; da_exit_intent=&#8221;off&#8221; da_has_close=&#8221;on&#8221; da_alt_close=&#8221;off&#8221; da_dark_close=&#8221;off&#8221; da_not_modal=&#8221;on&#8221; da_is_singular=&#8221;off&#8221; da_with_loader=&#8221;off&#8221; da_has_shadow=&#8221;on&#8221;][et_pb_row _builder_version=&#8221;4.27.0&#8243; _module_preset=&#8221;f96c0a64-4f06-4bbe-9b63-c7ea96c1b6bc&#8221; global_colors_info=&#8221;{}&#8221;][et_pb_column type=&#8221;4_4&#8243; _builder_version=&#8221;4.27.0&#8243; _module_preset=&#8221;default&#8221; global_colors_info=&#8221;{}&#8221;][et_pb_text _builder_version=&#8221;4.27.2&#8243; _module_preset=&#8221;default&#8221; text_font=&#8221;League Spartan|700|||||||&#8221; text_text_color=&#8221;#cc1db8&#8243; text_font_size=&#8221;40px&#8221; header_font=&#8221;League Spartan||||||||&#8221; header_text_align=&#8221;center&#8221; header_font_size=&#8221;52px&#8221; custom_margin=&#8221;20px||0px||false|false&#8221; custom_padding=&#8221;53px|||||&#8221; locked=&#8221;off&#8221; global_colors_info=&#8221;{}&#8221;]<\/p>\n<p style=\"text-align: center;\">Bienestar Comunidades<\/p>\n<p>[\/et_pb_text][\/et_pb_column][\/et_pb_row][\/et_pb_section][et_pb_section fb_built=&#8221;1&#8243; inner_shadow=&#8221;off&#8221; _builder_version=&#8221;4.27.0&#8243; _module_preset=&#8221;_initial&#8221; min_height=&#8221;532.4px&#8221; custom_margin=&#8221;50px||50px||false|false&#8221; da_disable_devices=&#8221;off|off|off&#8221; global_colors_info=&#8221;{}&#8221; da_is_popup=&#8221;off&#8221; da_exit_intent=&#8221;off&#8221; da_has_close=&#8221;on&#8221; da_alt_close=&#8221;off&#8221; da_dark_close=&#8221;off&#8221; da_not_modal=&#8221;on&#8221; da_is_singular=&#8221;off&#8221; da_with_loader=&#8221;off&#8221; da_has_shadow=&#8221;on&#8221;][et_pb_row column_structure=&#8221;1_2,1_2&#8243; use_custom_gutter=&#8221;on&#8221; gutter_width=&#8221;2&#8243; make_equal=&#8221;on&#8221; _builder_version=&#8221;4.27.0&#8243; _module_preset=&#8221;f96c0a64-4f06-4bbe-9b63-c7ea96c1b6bc&#8221; background_color=&#8221;RGBA(255,255,255,0)&#8221; max_width=&#8221;1500px&#8221; custom_margin=&#8221;||30px||false|false&#8221; custom_padding=&#8221;||||false|false&#8221; global_colors_info=&#8221;{}&#8221;][et_pb_column type=&#8221;1_2&#8243; _builder_version=&#8221;4.27.0&#8243; _module_preset=&#8221;default&#8221; background_color=&#8221;gcid-19c52766-4d72-4cbe-a10e-073c72c2ff1d&#8221; custom_padding=&#8221;20px|20px|20px|20px|true|true&#8221; custom_css_main_element=&#8221;display:flex;||flex-wrap: wrap;||align-items:center;&#8221; border_radii=&#8221;on|40px|40px|40px|40px&#8221; global_colors_info=&#8221;{%22gcid-19c52766-4d72-4cbe-a10e-073c72c2ff1d%22:%91%22background_color%22%93}&#8221;][et_pb_text _builder_version=&#8221;4.27.2&#8243; _module_preset=&#8221;default&#8221; text_font=&#8221;League Spartan||||||||&#8221; text_text_color=&#8221;#cc1db8&#8243; text_font_size=&#8221;27px&#8221; header_2_font=&#8221;League Spartan|600|||||||&#8221; header_2_text_color=&#8221;gcid-577a0add-9b59-4144-add2-2ba7b7942539&#8243; header_3_font=&#8221;League Spartan|300|||||||&#8221; header_3_text_align=&#8221;left&#8221; text_orientation=&#8221;center&#8221; width=&#8221;100%&#8221; module_alignment=&#8221;center&#8221; custom_margin=&#8221;20px||||false|false&#8221; custom_padding=&#8221;||12px||false|false&#8221; global_colors_info=&#8221;{%22gcid-577a0add-9b59-4144-add2-2ba7b7942539%22:%91%22header_2_text_color%22%93}&#8221;]<\/p>\n<div id=\"comp-lv6qm2y7\" class=\"MazNVa comp-lv6qm2y7 wixui-image\">\n<h2 data-testid=\"linkElement\" class=\"j7pOnl\" style=\"text-align: center;\"><span>SanumBe Comunidades<\/span><\/h2>\n<\/div>\n<p>[\/et_pb_text][et_pb_image src=&#8221;https:\/\/sanumbe.com\/wp-content\/uploads\/2024\/08\/Bienestar-Comunidades-e1723847763912.png&#8221; title_text=&#8221;Bienestar Comunidades&#8221; show_bottom_space=&#8221;off&#8221; align=&#8221;center&#8221; _builder_version=&#8221;4.27.2&#8243; _module_preset=&#8221;default&#8221; transform_scale_linked=&#8221;off&#8221; transform_translate=&#8221;-6px|0px&#8221; transform_origin=&#8221;51%|50%&#8221; z_index=&#8221;0&#8243; width=&#8221;100%&#8221; max_width=&#8221;100%&#8221; module_alignment=&#8221;center&#8221; custom_margin=&#8221;0px|0px|0px|0px|false|false&#8221; custom_padding=&#8221;|0px|20px|0px|false|false&#8221; custom_css_free_form=&#8221;||||||||||||&#8221; border_radii=&#8221;on|30px|30px|30px|30px&#8221; box_shadow_style=&#8221;preset1&#8243; global_colors_info=&#8221;{}&#8221;][\/et_pb_image][et_pb_text _builder_version=&#8221;4.27.2&#8243; _module_preset=&#8221;default&#8221; text_font=&#8221;Open Sans||||||||&#8221; text_text_color=&#8221;gcid-7ee5111a-eacc-4882-b5c7-095cf86ad5c7&#8243; text_font_size=&#8221;17px&#8221; text_line_height=&#8221;1.5em&#8221; header_font=&#8221;League Spartan||||||||&#8221; text_orientation=&#8221;justified&#8221; width=&#8221;100%&#8221; module_alignment=&#8221;center&#8221; custom_margin=&#8221;|20px||20px|false|true&#8221; hover_enabled=&#8221;0&#8243; global_colors_info=&#8221;{%22gcid-7ee5111a-eacc-4882-b5c7-095cf86ad5c7%22:%91%22text_text_color%22%93}&#8221; sticky_enabled=&#8221;0&#8243;]<\/p>\n<div id=\"comp-lv5m852n6\" class=\"HcOXKn c9GqVL QxJLC3 comp-lv5m852n6 wixui-rich-text\" data-testid=\"richTextElement\">\n<p class=\"cvGsUA direction-ltr align-justify para-style-body\" style=\"text-align: justify;\"><span class=\"OYPEnA font-feature-liga-off font-feature-clig-off font-feature-calt-off text-decoration-none text-strikethrough-none\">Nuestro modelo de intervenci\u00f3n en comunidades involucra:<\/span><\/p>\n<ul>\n<li><span class=\"OYPEnA font-feature-liga-off font-feature-clig-off font-feature-calt-off text-decoration-none text-strikethrough-none\">Promoci\u00f3n del bienestar emocional.<\/span><\/li>\n<li><span class=\"OYPEnA font-feature-liga-off font-feature-clig-off font-feature-calt-off text-decoration-none text-strikethrough-none\">Incremento de la oportunidad de acceso a servicios de salud emocional.<\/span><\/li>\n<li><span class=\"OYPEnA font-feature-liga-off font-feature-clig-off font-feature-calt-off text-decoration-none text-strikethrough-none\">Construcci\u00f3n y optimizaci\u00f3n de las redes de apoyo comunitario para el bienestar de mujeres y hombres.<\/span><\/li>\n<\/ul>\n<\/div>\n<div id=\"comp-lve6yfsw\" class=\"comp-lve6yfsw\" data-semantic-classname=\"button\" data-motion-enter=\"done\">\n<div class=\"StylableButton2545352419__container\"><\/div>\n<\/div>\n<p>[\/et_pb_text][et_pb_button button_url=&#8221;https:\/\/wa.me\/+573152047012&#8243; url_new_window=&#8221;on&#8221; button_text=&#8221;Contactarme con un asesor&#8221; button_alignment=&#8221;center&#8221; _builder_version=&#8221;4.27.2&#8243; _module_preset=&#8221;_initial&#8221; button_text_size=&#8221;15px&#8221; button_bg_color=&#8221;gcid-577a0add-9b59-4144-add2-2ba7b7942539&#8243; button_border_width=&#8221;0px&#8221; button_border_radius=&#8221;25px&#8221; button_font=&#8221;Open Sans||||||||&#8221; button_use_icon=&#8221;off&#8221; positioning=&#8221;relative&#8221; horizontal_offset=&#8221;60px&#8221; custom_margin=&#8221;|||150px|false|false&#8221; animation_style=&#8221;fade&#8221; global_colors_info=&#8221;{%22gcid-577a0add-9b59-4144-add2-2ba7b7942539%22:%91%22button_bg_color%22%93}&#8221; button_text_size__hover=&#8221;18px&#8221;][\/et_pb_button][\/et_pb_column][et_pb_column type=&#8221;1_2&#8243; _builder_version=&#8221;4.27.0&#8243; _module_preset=&#8221;default&#8221; background_color=&#8221;gcid-19c52766-4d72-4cbe-a10e-073c72c2ff1d&#8221; custom_padding=&#8221;20px|20px|20px|20px|true|true&#8221; custom_css_main_element=&#8221;display:flex;||flex-wrap: wrap;||align-items:center;&#8221; border_radii=&#8221;on|40px|40px|40px|40px&#8221; global_colors_info=&#8221;{%22gcid-19c52766-4d72-4cbe-a10e-073c72c2ff1d%22:%91%22background_color%22%93}&#8221;][et_pb_text _builder_version=&#8221;4.27.2&#8243; _module_preset=&#8221;default&#8221; text_font=&#8221;League Spartan||||||||&#8221; text_text_color=&#8221;#cc1db8&#8243; text_font_size=&#8221;27px&#8221; header_2_font=&#8221;League Spartan|600|||||||&#8221; header_2_text_color=&#8221;gcid-577a0add-9b59-4144-add2-2ba7b7942539&#8243; header_3_font=&#8221;League Spartan|300|||||||&#8221; header_3_text_align=&#8221;left&#8221; width=&#8221;100%&#8221; module_alignment=&#8221;center&#8221; custom_margin=&#8221;20px||||false|false&#8221; locked=&#8221;off&#8221; global_colors_info=&#8221;{%22gcid-577a0add-9b59-4144-add2-2ba7b7942539%22:%91%22header_2_text_color%22%93}&#8221;]<\/p>\n<div id=\"comp-lv6qm2y7\" class=\"MazNVa comp-lv6qm2y7 wixui-image\">\n<h2 data-testid=\"linkElement\" class=\"j7pOnl\" style=\"text-align: center;\"><span>Vision Guard<\/span><\/h2>\n<\/div>\n<p>[\/et_pb_text][et_pb_image src=&#8221;https:\/\/sanumbe.com\/wp-content\/uploads\/2024\/10\/3.png&#8221; title_text=&#8221;3&#8243; show_bottom_space=&#8221;off&#8221; align=&#8221;center&#8221; _builder_version=&#8221;4.27.2&#8243; _module_preset=&#8221;default&#8221; transform_scale_linked=&#8221;off&#8221; transform_translate=&#8221;-6px|0px&#8221; transform_origin=&#8221;51%|50%&#8221; z_index=&#8221;0&#8243; module_alignment=&#8221;center&#8221; custom_margin=&#8221;||||false|false&#8221; custom_padding=&#8221;|0px|20px|0px|false|false&#8221; custom_css_free_form=&#8221;||||||||||||&#8221; border_radii=&#8221;on|30px|30px|30px|30px&#8221; box_shadow_style=&#8221;preset1&#8243; global_colors_info=&#8221;{}&#8221;][\/et_pb_image][et_pb_text _builder_version=&#8221;4.27.2&#8243; _module_preset=&#8221;default&#8221; text_font=&#8221;Open Sans||||||||&#8221; text_text_color=&#8221;gcid-7ee5111a-eacc-4882-b5c7-095cf86ad5c7&#8243; text_font_size=&#8221;17px&#8221; text_line_height=&#8221;1.5em&#8221; header_font=&#8221;League Spartan||||||||&#8221; text_orientation=&#8221;justified&#8221; width=&#8221;100%&#8221; module_alignment=&#8221;center&#8221; custom_margin=&#8221;|20px||20px|false|true&#8221; hover_enabled=&#8221;0&#8243; locked=&#8221;off&#8221; global_colors_info=&#8221;{%22gcid-7ee5111a-eacc-4882-b5c7-095cf86ad5c7%22:%91%22text_text_color%22%93}&#8221; sticky_enabled=&#8221;0&#8243;]<\/p>\n<p>En Vision Guard, ofrecemos un programa de prevenci\u00f3n del consumo de sustancias psicoactivas (SPA) que fortalece la salud integral de individuos y comunidades. A trav\u00e9s de talleres interactivos, sesiones de apoyo y actividades educativas, abordamos factores de riesgo y promovemos estilos de vida saludables, contribuyendo al bienestar y fortaleciendo la resiliencia en la comunidad.<\/p>\n<p>[\/et_pb_text][et_pb_button button_url=&#8221;https:\/\/wa.me\/+573152047012&#8243; url_new_window=&#8221;on&#8221; button_text=&#8221;Contactarme con un asesor&#8221; button_alignment=&#8221;center&#8221; _builder_version=&#8221;4.27.0&#8243; _module_preset=&#8221;_initial&#8221; button_text_size=&#8221;18px&#8221; button_bg_color=&#8221;gcid-577a0add-9b59-4144-add2-2ba7b7942539&#8243; button_border_width=&#8221;0px&#8221; button_border_radius=&#8221;25px&#8221; button_font=&#8221;League Spartan||||||||&#8221; button_use_icon=&#8221;off&#8221; positioning=&#8221;relative&#8221; horizontal_offset=&#8221;60px&#8221; custom_margin=&#8221;|||150px|false|false&#8221; animation_style=&#8221;fade&#8221; locked=&#8221;off&#8221; global_colors_info=&#8221;{%22gcid-577a0add-9b59-4144-add2-2ba7b7942539%22:%91%22button_bg_color%22%93}&#8221; button_text_size__hover=&#8221;18px&#8221;][\/et_pb_button][\/et_pb_column][\/et_pb_row][\/et_pb_section][et_pb_section fb_built=&#8221;1&#8243; inner_shadow=&#8221;off&#8221; _builder_version=&#8221;4.27.2&#8243; _module_preset=&#8221;_initial&#8221; background_color=&#8221;#f0f0f0&#8243; min_height=&#8221;28px&#8221; custom_margin=&#8221;||-60px||false|false&#8221; custom_padding=&#8221;0px|||||&#8221; hover_enabled=&#8221;0&#8243; da_disable_devices=&#8221;off|off|off&#8221; global_colors_info=&#8221;{}&#8221; sticky_enabled=&#8221;0&#8243; da_is_popup=&#8221;off&#8221; da_exit_intent=&#8221;off&#8221; da_has_close=&#8221;on&#8221; da_alt_close=&#8221;off&#8221; da_dark_close=&#8221;off&#8221; da_not_modal=&#8221;on&#8221; da_is_singular=&#8221;off&#8221; da_with_loader=&#8221;off&#8221; da_has_shadow=&#8221;on&#8221;][et_pb_row column_structure=&#8221;1_3,1_3,1_3&#8243; _builder_version=&#8221;4.27.0&#8243; _module_preset=&#8221;f96c0a64-4f06-4bbe-9b63-c7ea96c1b6bc&#8221; custom_margin=&#8221;6px|auto||auto|false|false&#8221; global_colors_info=&#8221;{}&#8221;][et_pb_column type=&#8221;1_3&#8243; _builder_version=&#8221;4.27.0&#8243; _module_preset=&#8221;default&#8221; global_colors_info=&#8221;{}&#8221;][et_pb_button button_url=&#8221;https:\/\/sanumbe.com\/bienestar-maestros-2\/&#8221; button_text=&#8221;Anterior Servicio&#8221; button_alignment=&#8221;left&#8221; _builder_version=&#8221;4.27.0&#8243; _module_preset=&#8221;_initial&#8221; button_text_color=&#8221;#0a0a0a&#8221; button_bg_color=&#8221;#f0f0f0&#8243; button_border_width=&#8221;0px&#8221; button_font=&#8221;League Spartan|100|||||||&#8221; button_icon=&#8221;&#x23;||divi||400&#8243; button_icon_color=&#8221;#0a0a0a&#8221; button_icon_placement=&#8221;left&#8221; global_colors_info=&#8221;{}&#8221;][\/et_pb_button][\/et_pb_column][et_pb_column type=&#8221;1_3&#8243; _builder_version=&#8221;4.27.0&#8243; _module_preset=&#8221;default&#8221; global_colors_info=&#8221;{}&#8221;][et_pb_button button_url=&#8221;https:\/\/sanumbe.com\/servicios\/&#8221; button_text=&#8221;Servicios&#8221; button_alignment=&#8221;center&#8221; _builder_version=&#8221;4.27.0&#8243; _module_preset=&#8221;_initial&#8221; button_text_color=&#8221;#0a0a0a&#8221; button_bg_color=&#8221;#f0f0f0&#8243; button_border_width=&#8221;0px&#8221; button_font=&#8221;League Spartan|100|||||||&#8221; button_icon=&#8221;&#xf7ae;||fa||900&#8243; button_icon_color=&#8221;#0a0a0a&#8221; global_colors_info=&#8221;{}&#8221;][\/et_pb_button][\/et_pb_column][et_pb_column type=&#8221;1_3&#8243; _builder_version=&#8221;4.27.0&#8243; _module_preset=&#8221;default&#8221; global_colors_info=&#8221;{}&#8221;][et_pb_button button_url=&#8221;https:\/\/sanumbe.com\/heroes-con-corazon-2\/&#8221; button_text=&#8221;Siguiente Servicio&#8221; button_alignment=&#8221;right&#8221; _builder_version=&#8221;4.27.0&#8243; _module_preset=&#8221;_initial&#8221; button_text_color=&#8221;#0a0a0a&#8221; button_bg_color=&#8221;#f0f0f0&#8243; button_border_width=&#8221;0px&#8221; button_font=&#8221;League Spartan|100|||||||&#8221; button_icon=&#8221;&#x24;||divi||400&#8243; button_icon_color=&#8221;#0a0a0a&#8221; global_colors_info=&#8221;{}&#8221;][\/et_pb_button][\/et_pb_column][\/et_pb_row][\/et_pb_section]<\/p>\n","protected":false},"excerpt":{"rendered":"<p>Bienestar Comunidades SanumBe Comunidades Nuestro modelo de intervenci\u00f3n en comunidades involucra: Promoci\u00f3n del bienestar emocional. Incremento de la oportunidad de acceso a servicios de salud emocional. Construcci\u00f3n y optimizaci\u00f3n de las redes de apoyo comunitario para el bienestar de mujeres y hombres. Vision Guard En Vision Guard, ofrecemos un programa de prevenci\u00f3n del consumo de [&hellip;]<\/p>\n","protected":false},"author":1,"featured_media":0,"parent":0,"menu_order":0,"comment_status":"closed","ping_status":"closed","template":"","meta":{"_et_pb_use_builder":"on","_et_pb_old_content":"","_et_gb_content_width":"","footnotes":""},"class_list":["post-3351","page","type-page","status-publish","hentry"],"_links":{"self":[{"href":"https:\/\/sanumbe.com\/es\/wp-json\/wp\/v2\/pages\/3351","targetHints":{"allow":["GET"]}}],"collection":[{"href":"https:\/\/sanumbe.com\/es\/wp-json\/wp\/v2\/pages"}],"about":[{"href":"https:\/\/sanumbe.com\/es\/wp-json\/wp\/v2\/types\/page"}],"author":[{"embeddable":true,"href":"https:\/\/sanumbe.com\/es\/wp-json\/wp\/v2\/users\/1"}],"replies":[{"embeddable":true,"href":"https:\/\/sanumbe.com\/es\/wp-json\/wp\/v2\/comments?post=3351"}],"version-history":[{"count":8,"href":"https:\/\/sanumbe.com\/es\/wp-json\/wp\/v2\/pages\/3351\/revisions"}],"predecessor-version":[{"id":3731,"href":"https:\/\/sanumbe.com\/es\/wp-json\/wp\/v2\/pages\/3351\/revisions\/3731"}],"wp:attachment":[{"href":"https:\/\/sanumbe.com\/es\/wp-json\/wp\/v2\/media?parent=3351"}],"curies":[{"name":"wp","href":"https:\/\/api.w.org\/{rel}","templated":true}]}}