{"id":2799,"date":"2024-08-16T13:28:22","date_gmt":"2024-08-16T13:28:22","guid":{"rendered":"https:\/\/sanumbe.com\/?page_id=2799"},"modified":"2024-10-21T11:45:48","modified_gmt":"2024-10-21T16:45:48","slug":"autorizacion-tratamiento-de-datos","status":"publish","type":"page","link":"https:\/\/sanumbe.com\/es\/autorizacion-tratamiento-de-datos\/","title":{"rendered":"Autorizaci\u00f3n Tratamiento de Datos"},"content":{"rendered":"<p>[et_pb_section fb_built=&#8221;1&#8243; _builder_version=&#8221;4.27.0&#8243; _module_preset=&#8221;default&#8221; da_disable_devices=&#8221;off|off|off&#8221; global_colors_info=&#8221;{}&#8221; da_is_popup=&#8221;off&#8221; da_exit_intent=&#8221;off&#8221; da_has_close=&#8221;on&#8221; da_alt_close=&#8221;off&#8221; da_dark_close=&#8221;off&#8221; da_not_modal=&#8221;on&#8221; da_is_singular=&#8221;off&#8221; da_with_loader=&#8221;off&#8221; da_has_shadow=&#8221;on&#8221;][et_pb_row _builder_version=&#8221;4.27.0&#8243; _module_preset=&#8221;default&#8221; global_colors_info=&#8221;{}&#8221;][et_pb_column type=&#8221;4_4&#8243; _builder_version=&#8221;4.27.0&#8243; _module_preset=&#8221;default&#8221; global_colors_info=&#8221;{}&#8221;][et_pb_text _builder_version=&#8221;4.27.2&#8243; _module_preset=&#8221;default&#8221; header_font=&#8221;League Spartan||||||||&#8221; header_text_color=&#8221;gcid-6840984a-3c28-4d88-845b-e0f9f6369ce7&#8243; header_font_size=&#8221;27px&#8221; min_height=&#8221;48px&#8221; custom_padding=&#8221;50px|||||&#8221; global_colors_info=&#8221;{%22gcid-6840984a-3c28-4d88-845b-e0f9f6369ce7%22:%91%22header_text_color%22%93}&#8221;]<\/p>\n<div id=\"bgLayers_comp-lve37a561\" data-hook=\"bgLayers\" data-motion-part=\"BG_LAYER\" class=\"MW5IWV\">\n<div id=\"bgMedia_comp-lve37a561\" data-motion-part=\"BG_MEDIA\" class=\"VgO9Yg\"><\/div>\n<\/div>\n<div data-mesh-id=\"comp-lve37a561inlineContent\" data-testid=\"inline-content\" class=\"\">\n<div data-mesh-id=\"comp-lve37a561inlineContent-gridContainer\" data-testid=\"mesh-container-content\">\n<div id=\"comp-lzsyt7f6\" class=\"HcOXKn c9GqVL QxJLC3 comp-lzsyt7f6 wixui-rich-text\" data-testid=\"richTextElement\">\n<h1 class=\"font_8 wixui-rich-text__text\" style=\"text-align: center;\"><span style=\"color: #800080;\"><strong><span class=\"wixui-rich-text__text\"><span class=\"color_42 wixui-rich-text__text\">Autorizaci\u00f3n Tratamiento de Datos<\/span><\/span><\/strong><\/span><\/h1>\n<\/div>\n<\/div>\n<\/div>\n<p>[\/et_pb_text][\/et_pb_column][\/et_pb_row][et_pb_row _builder_version=&#8221;4.27.0&#8243; _module_preset=&#8221;default&#8221; global_colors_info=&#8221;{}&#8221;][et_pb_column type=&#8221;4_4&#8243; _builder_version=&#8221;4.27.0&#8243; _module_preset=&#8221;default&#8221; global_colors_info=&#8221;{}&#8221;][et_pb_text _builder_version=&#8221;4.27.2&#8243; _module_preset=&#8221;default&#8221; text_font=&#8221;League Spartan|300|||||||&#8221; text_font_size=&#8221;16px&#8221; min_height=&#8221;589.7px&#8221; custom_padding=&#8221;17px|||||&#8221; hover_enabled=&#8221;0&#8243; global_colors_info=&#8221;{}&#8221; sticky_enabled=&#8221;0&#8243;]<\/p>\n<p class=\"font_8 wixui-rich-text__text\" style=\"text-align: justify;\"><span class=\"wixui-rich-text__text\" style=\"color: #414141;\">Para efectos de la presente autorizaci\u00f3n, SANUM S.A.S., ubicada en la Calle 78 No. 10 \u2013 38 Casa 9 de la ciudad de Bogot\u00e1 D.C., ser\u00e1 la entidad Responsable del Tratamiento de mis Datos Personales, los cuales se recolectan observando las normas especiales que rigen la actividad de consultor\u00eda inform\u00e1tica y actividades de administraci\u00f3n de instalaciones inform\u00e1ticas y las actividades de la pr\u00e1ctica m\u00e9dica sin internaci\u00f3n y la Ley 1581 de 2012 y sus decretos reglamentarios; manifiesto que SANUM S.A.S. me ha informado, de manera expresa lo siguiente:<\/span><\/p>\n<p class=\"font_8 wixui-rich-text__text\" style=\"text-align: justify;\"><span class=\"wixui-rich-text__text\" style=\"color: #333333;\">FINALIDAD DEL TRATAMIENTO DE DATOS PERSONALES: Mis datos personales ser\u00e1n tratados para las siguientes finalidades: 1) Desarrollar las actividades propias de la actividad de consultor\u00eda en Software, soluciones integrales de Telemedicina. 2) Ofrecer insumos y elementos m\u00e9dicos, 3) Comercializar todo tipo de material inform\u00e1tico, hardware, software y tecnolog\u00eda de la informaci\u00f3n y la comunicaci\u00f3n. 4) Realizar campa\u00f1as comerciales y actividades de mercadeo. 5) Realizar contactos tendientes a la realizaci\u00f3n de investigaciones de mercadeo, la medici\u00f3n del nivel de satisfacci\u00f3n respecto de los productos y servicios. 6) Enviar material publicitario o promocional sobre los servicios y productos de SANUM S.A.S. y de las compa\u00f1\u00edas aliadas con quienes trabaja la empresa. 7) Realizar campa\u00f1as de fidelizaci\u00f3n. 8) Realizar las actividades propias de consultor\u00eda inform\u00e1tica.<\/span><\/p>\n<p class=\"font_8 wixui-rich-text__text\" style=\"text-align: justify;\"><span class=\"wixui-rich-text__text\" style=\"color: #333333;\">DERECHOS DEL TITULAR DE LA INFORMACI\u00d3N: Que como Titular de la informaci\u00f3n, me asisten los derechos previstos en la Ley 1581 de 2012 y normas que la complementen. En especial, el derecho a conocer, actualizar, rectificar y revocar la autorizaci\u00f3n que he otorgado para el uso de mis Datos Personales que hayan sido recolectados con las finalidades arriba indicadas excepto cuando medie una relaci\u00f3n contractual, ya que la facultad de revocaci\u00f3n no aplica respecto de la informaci\u00f3n requerida para el desarrollo del contrato establecido. Para el ejercicio de estos derechos, SANUM S.A.S. pone a disposici\u00f3n del Titular los siguientes canales de comunicaci\u00f3n: Para el correo f\u00edsico: Calle 78 No. 10-38 Casa 9. Para correo electr\u00f3nico:\u00a0<a data-auto-recognition=\"true\" href=\"mailto:habeasdata@sanum.co\" class=\"wixui-rich-text__text\" style=\"color: #333333;\">habeasdata@sanum.co<\/a>, \u00f3 formulario electr\u00f3nico en este portal. La presentaci\u00f3n de reclamos deber\u00e1 hacerse a trav\u00e9s de medio escrito, acompa\u00f1ando copia del documento de identidad. \u200b\u200b<\/span><\/p>\n<p class=\"font_8 wixui-rich-text__text\" style=\"text-align: justify;\"><span class=\"wixui-rich-text__text\" style=\"color: #333333;\">RESPONSABLE Y ENCARGADO DEL TRATAMIENTO DE LA INFORMACI\u00d2N: Que el Responsable del Tratamiento de la informaci\u00f3n es SANUM S.A.S. Los Encargados del Tratamiento de informaci\u00f3n ser\u00e1n los terceros que realicen el tratamiento por cuenta del Responsable. AUTORIZACION: Manifiesto as\u00ed de manera expresa, que Autorizo el Tratamiento de los Datos Personales que me fueron recolectados para las finalidades y en los t\u00e9rminos aqu\u00ed indicados.<\/span><\/p>\n<p>[\/et_pb_text][\/et_pb_column][\/et_pb_row][\/et_pb_section]<\/p>\n","protected":false},"excerpt":{"rendered":"<p>Autorizaci\u00f3n Tratamiento de Datos Para efectos de la presente autorizaci\u00f3n, SANUM S.A.S., ubicada en la Calle 78 No. 10 \u2013 38 Casa 9 de la ciudad de Bogot\u00e1 D.C., ser\u00e1 la entidad Responsable del Tratamiento de mis Datos Personales, los cuales se recolectan observando las normas especiales que rigen la actividad de consultor\u00eda inform\u00e1tica y [&hellip;]<\/p>\n","protected":false},"author":1,"featured_media":0,"parent":0,"menu_order":0,"comment_status":"closed","ping_status":"closed","template":"","meta":{"_et_pb_use_builder":"on","_et_pb_old_content":"","_et_gb_content_width":"","footnotes":""},"class_list":["post-2799","page","type-page","status-publish","hentry"],"_links":{"self":[{"href":"https:\/\/sanumbe.com\/es\/wp-json\/wp\/v2\/pages\/2799","targetHints":{"allow":["GET"]}}],"collection":[{"href":"https:\/\/sanumbe.com\/es\/wp-json\/wp\/v2\/pages"}],"about":[{"href":"https:\/\/sanumbe.com\/es\/wp-json\/wp\/v2\/types\/page"}],"author":[{"embeddable":true,"href":"https:\/\/sanumbe.com\/es\/wp-json\/wp\/v2\/users\/1"}],"replies":[{"embeddable":true,"href":"https:\/\/sanumbe.com\/es\/wp-json\/wp\/v2\/comments?post=2799"}],"version-history":[{"count":6,"href":"https:\/\/sanumbe.com\/es\/wp-json\/wp\/v2\/pages\/2799\/revisions"}],"predecessor-version":[{"id":3522,"href":"https:\/\/sanumbe.com\/es\/wp-json\/wp\/v2\/pages\/2799\/revisions\/3522"}],"wp:attachment":[{"href":"https:\/\/sanumbe.com\/es\/wp-json\/wp\/v2\/media?parent=2799"}],"curies":[{"name":"wp","href":"https:\/\/api.w.org\/{rel}","templated":true}]}}