{"id":2788,"date":"2024-08-16T13:13:06","date_gmt":"2024-08-16T13:13:06","guid":{"rendered":"https:\/\/sanumbe.com\/?page_id=2788"},"modified":"2024-10-21T11:44:46","modified_gmt":"2024-10-21T16:44:46","slug":"politica-de-privacidad","status":"publish","type":"page","link":"https:\/\/sanumbe.com\/es\/politica-de-privacidad\/","title":{"rendered":"Politica de Privacidad"},"content":{"rendered":"<p>[et_pb_section fb_built=&#8221;1&#8243; _builder_version=&#8221;4.27.0&#8243; _module_preset=&#8221;default&#8221; da_disable_devices=&#8221;off|off|off&#8221; global_colors_info=&#8221;{}&#8221; da_is_popup=&#8221;off&#8221; da_exit_intent=&#8221;off&#8221; da_has_close=&#8221;on&#8221; da_alt_close=&#8221;off&#8221; da_dark_close=&#8221;off&#8221; da_not_modal=&#8221;on&#8221; da_is_singular=&#8221;off&#8221; da_with_loader=&#8221;off&#8221; da_has_shadow=&#8221;on&#8221;][et_pb_row _builder_version=&#8221;4.27.0&#8243; _module_preset=&#8221;default&#8221; custom_padding=&#8221;49px|||||&#8221; global_colors_info=&#8221;{}&#8221;][et_pb_column type=&#8221;4_4&#8243; _builder_version=&#8221;4.27.0&#8243; _module_preset=&#8221;default&#8221; global_colors_info=&#8221;{}&#8221;][et_pb_text _builder_version=&#8221;4.27.2&#8243; _module_preset=&#8221;default&#8221; header_font=&#8221;League Spartan||||||||&#8221; header_text_color=&#8221;gcid-6840984a-3c28-4d88-845b-e0f9f6369ce7&#8243; header_font_size=&#8221;27px&#8221; min_height=&#8221;53px&#8221; global_colors_info=&#8221;{%22gcid-6840984a-3c28-4d88-845b-e0f9f6369ce7%22:%91%22header_text_color%22%93}&#8221;]<\/p>\n<h1 style=\"text-align: center;\"><span style=\"color: #800080;\"><strong>Politicas de Privacidad<\/strong><\/span><\/h1>\n<p>[\/et_pb_text][et_pb_text _builder_version=&#8221;4.27.2&#8243; _module_preset=&#8221;default&#8221; text_font=&#8221;League Spartan|200|||||||&#8221; text_text_color=&#8221;gcid-heading-color&#8221; text_font_size=&#8221;16px&#8221; header_font=&#8221;League Spartan||||||||&#8221; min_height=&#8221;1414.2px&#8221; custom_padding=&#8221;0px||0px|||&#8221; hover_enabled=&#8221;0&#8243; global_colors_info=&#8221;{%22gcid-heading-color%22:%91%22text_text_color%22%93}&#8221; sticky_enabled=&#8221;0&#8243;]<\/p>\n<p style=\"text-align: justify;\"><span class=\"color_42 wixui-rich-text__text\"><span class=\"wixui-rich-text__text\"><strong>I.<\/strong> <span style=\"color: #6B01C8;\">AVISO DE PRIVACIDAD \u200bSANUM S.A.S.<\/span><span>\u00a0<\/span><\/span><\/span><span style=\"color: #414141;\">es una compa\u00f1\u00eda creada en el a\u00f1o 2017, dedicada principalmente a la creaci\u00f3n, elaboraci\u00f3n, desarrollo, montaje, consultor\u00eda de software, soluciones integrales de Telemedicina interactiva y no interactiva, Telesalud, Tele orientaci\u00f3n, Teleducaci\u00f3n, Tele apoyo, Teleconcepto, Telemonitoreo remoto de pacientes y todo lo relacionado con asesor\u00edas consultor\u00edas y capacitaciones en modelos de salud digital. De igual manera realizamos comercializaci\u00f3n, distribuci\u00f3n y transporte, de todo tipo de insumos y\/o elementos m\u00e9dicos quir\u00fargicos, equipos y todos los relacionados con la salud humana. Adicionalmente la investigaci\u00f3n, desarrollo y comercializaci\u00f3n de todo tipo de material inform\u00e1tico, hardware, software y tecnolog\u00eda de la informaci\u00f3n y la comunicaci\u00f3n. La venta online a trav\u00e9s de internet y\/o canales de distribuci\u00f3n similares, importaci\u00f3n, exportaci\u00f3n, representaci\u00f3n, comercializaci\u00f3n, distribuci\u00f3n, intermediaci\u00f3n, compraventa al por mayor y menor, elaboraci\u00f3n, manipulado, fabricaci\u00f3n y prestaci\u00f3n de servicios relacionados con hardware, software y tecnolog\u00edas de la comunicaci\u00f3n y la informaci\u00f3n, soporte f\u00edsico y\/o virtual mediante comercializaci\u00f3n de licencias de uso de productos de componentes electr\u00f3nicos y de telecomunicaci\u00f3n. Todo lo anterior, a trav\u00e9s de nuestra propia organizaci\u00f3n o con aliados estrat\u00e9gicos.\u200bNuestra Misi\u00f3n es administrar los riesgos de las empresas y las personas, generando soluciones a sus necesidades, creando valor para nuestros clientes, colaboradores y socios, mediante el desempe\u00f1o competitivo de nuestro capital humano y el continuo mejoramiento de nuestros servicios.\u200bLas pr\u00e1cticas de la empresa se fundamentan en los siguientes valores: Honestidad en todos nuestros actos, Servicio como parte integral de nuestra esencia, \u00c9tica en las relaciones con nuestros competidores, Compromiso con nuestros trabajadores, nuestros clientes y toda la comunidad y Respeto por las personas y las leyes.\u200bNos dedicamos a administrar los riesgos de las empresas y de las personas, generando soluciones a sus necesidades, creando valor para nuestros clientes, trabajadores y socios mediante el desempe\u00f1o competitivo de nuestro capital humano y el continuo mejoramiento de nuestros servicios en el \u00e1mbito nacional e internacional.\u200bEn cumplimiento de lo previsto en la Ley 1581 de 2012 \u201cPor la cual se dictan disposiciones generales para la Protecci\u00f3n de Datos Personales\u201d y del Decreto 1377 de 2013, cuyos textos pueden ser consultados en www.sanum.co\u00a0ponemos a su disposici\u00f3n el presente Aviso de Privacidad que busca informar al Titular de datos personales acerca de la existencia de las Pol\u00edticas de Tratamiento de informaci\u00f3n que han sido adoptadas por SANUM S.A.S., la forma de acceder a \u00e9stas y las caracter\u00edsticas del Tratamiento que se le pretende dar a los datos.\u200bII. UBICACI\u00d3N Y CANALES DE COMUNICACI\u00d3N El domicilio social de SANUM S.A.S., es en Bogot\u00e1, en la Calle 78 No 10-38 Casa 9 y tiene dispuesto como canal de contacto la cuenta de correo electr\u00f3nico\u00a0<a data-auto-recognition=\"true\" href=\"mailto:contactenos@sanum.co\" class=\"wixui-rich-text__text\" style=\"color: #333333;\">contactenos@sanum.co<\/a>\u00a0y a trav\u00e9s de la p\u00e1gina Web de SANUM S.A.S.\u00a0<a data-auto-recognition=\"true\" href=\"http:\/\/www.sanum.co\/\" target=\"_blank\" class=\"wixui-rich-text__text\" rel=\"noopener\" style=\"color: #333333;\">www.sanum.co<\/a>. III. \u00c1REA DE CONTACTO PARA EL TEMA DE PROTECCION DE DATOS PERSONALES AL INTERIOR DE SANUM S.A.S.:\u200bEl \u00e1rea de contacto para el tema de tratamiento de datos personales es el \u00c1rea Administrativa, \u00e1rea encargada de la Protecci\u00f3n de Datos Personales al interior de SANUM S.A.S.El Gerente de esta \u00e1rea es el funcionario responsable de velar por el cumplimiento de estas disposiciones y por ende, tiene una comunicaci\u00f3n directa con los Responsables de las diferentes \u00c1reas de la empresa y canal directo con su Gerente General.\u00c9l ser\u00e1 el administrador de las bases de datos de SANUM S.A.S. y quien actuar\u00e1 con base en las Pol\u00edticas de Privacidad de la informaci\u00f3n personal que, para el efecto, tiene la empresa y que se encuentran publicadas en la p\u00e1gina web de la empresa\u00a0<a data-auto-recognition=\"true\" href=\"http:\/\/www.sanum.coel\/\" target=\"_blank\" class=\"wixui-rich-text__text\" rel=\"noopener\" style=\"color: #333333;\">www.sanum.co El<\/a>\u00a0siguiente es el correo electr\u00f3nico al que pueden contactarnos:\u00a0<a data-auto-recognition=\"true\" href=\"mailto:contactenos@sanum.co\" class=\"wixui-rich-text__text\" style=\"color: #333333;\">contactenos@sanum.co<\/a>.\u200bIV. FINALIDADES DEL TRATAMIENTO DE DATOS.\u200bLas finalidades del Tratamiento de datos personales suministrados a SANUM S.A.S. se pueden dividir en dos, a saber: 4.1. GeneralesLos datos recogidos por SANUM S.A.S. ser\u00e1n utilizados para los fines propios de la actividad de consultor\u00eda y prestaci\u00f3n de servicio de Telemedicina que desarrollamos. En consecuencia, el prop\u00f3sito que tenemos al solicitar sus datos personales es el de prestar soluciones integrales de telemedicina, teleducaci\u00f3n, teleapoyo, teleconcepto, telemonitoreo remoto de pacientes y todo lo relacionado con modelos de salud digital. Una propuesta que se ajuste a sus necesidades a nivel personal o empresarial .Sus datos personales ser\u00e1n tratados para las siguientes finalidades: 4.1.1) Desarrollar las actividades propias de los contratos celebrados con la empresa, que pueden ser de \u00edndole laboral, comercial, de consultor\u00eda entre otras 4.1.2) Ofrecer servicios y productos relacionados con modelos de salud digital, para obtener la mejor opci\u00f3n para nuestros clientes. 4.1.3) Realizar contactos tendientes a la realizaci\u00f3n de investigaciones de mercados, la medici\u00f3n del nivel de satisfacci\u00f3n respecto de los productos y servicios. 4.1.4.) Enviar material publicitario, o promocional sobre los servicios y productos relacionados con la salud digital y propios de SANUM S.A.S. 4.2. No indispensables:As\u00ed mismo, los datos personales suministrados, siempre que no tengan el car\u00e1cter de sensibles, en particular los de contacto, podr\u00edan eventualmente ser utilizados para el desarrollo de actividades de conocimiento del perfil, el desarrollo de campa\u00f1as comerciales, publicitarias, campa\u00f1as de fidelizaci\u00f3n relacionadas con los servicios que presta la empresa , y para que puedan recibir ofertas de productos y servicios que buscan agregar beneficios a su empresa y a sus empleados y\/o a las personas naturales que soliciten nuestros servicios de consultor\u00eda y lo relacionado con medicina digital.Procedimiento para revocar el consentimiento respecto de las finalidades no indispensables: En el evento en que usted no desee que su informaci\u00f3n sea utilizada para los fines descritos en el N\u00fam. 4.2., podr\u00e1 manifestarlo de manera gratuita mediante comunicaci\u00f3n escrita presentada en la oficina, dirigida al \u00c1rea encargada de la Protecci\u00f3n de Datos Personales o de manera electr\u00f3nica as\u00ed: A trav\u00e9s del correo electr\u00f3nico:\u00a0<a data-auto-recognition=\"true\" href=\"mailto:contactenos@sanum.co\" class=\"wixui-rich-text__text\" style=\"color: #333333;\">contactenos@sanum.co<\/a>\u00a0Al hacerlo, le solicitamos que acredite su identidad e indicar la informaci\u00f3n de contacto (direcci\u00f3n f\u00edsica o correo electr\u00f3nico) en la que desea recibir la confirmaci\u00f3n del retiro correspondiente. V. FINALIDADES ESPECIFICAS Bases de datos de Candidatos a Empleados; Empleados; Exempleados y Proveedores: La informaci\u00f3n de la hoja de vida de los candidatos servir\u00e1 para que la Empresa se forme una opini\u00f3n sobre las calidades de la persona y pueden ser conservadas para futuras plazas que se abran al interior de la empresa o en las empresas clientes de SANUM S.A.S.. En el evento en que no sea contratado en la primera oportunidad, se guardar\u00e1n con el \u00fanico prop\u00f3sito de que sean utilizadas por el \u00c1rea de Recursos Humanos para poder ofrecer candidatos id\u00f3neos a las vacantes existentes, siempre y cuando las empresas soliciten dicho servicio a SANUM S.A.S. Los datos recolectados de los empleados tienen como finalidad desarrollar las relaciones laborales que existan con \u00e9stos. Entre ellas, las relativas a la seguridad social, las recreativas como hacerlos part\u00edcipes de las actividades de bienestar previstas por la empresa, y las estad\u00edsticas. Es posible que los datos de los hijos de los empleados sean obtenidos y actualizados con el fin de hacerlos part\u00edcipes de estas actividades y este ser\u00e1 el \u00fanico uso que se le dar\u00e1 a los mismos, salvo aquellos autorizados por la Ley o necesarios para el adecuado desarrollo del contrato laboral o de prestaci\u00f3n de servicios. En el caso de los Proveedores, personas naturales y jur\u00eddicas, as\u00ed como la de sus representantes legales o directivos persona natural, SANUM S.A.S. busca conocer y hacer seguimiento a la idoneidad financiera y al comportamiento comercial de \u00e9stos y al desarrollar los contratos de prestaci\u00f3n servicios correspondientes. As\u00ed mismo, se busca hacerlos part\u00edcipes de actividades o campa\u00f1as comerciales que puedan resultar de su inter\u00e9s. VI. DERECHOS DE LOS TITULARES Como Titular de datos personales usted tiene los siguientes derechos: 6.1) Conocer, actualizar y rectificar sus datos personales frente a los Responsables del Tratamiento o Encargados del Tratamiento. Este derecho se podr\u00e1 ejercer, entre otros frente a datos parciales, inexactos, incompletos, fraccionados, que induzcan a error, o aquellos cuyo Tratamiento est\u00e9 expresamente prohibido o no haya sido autorizado; 6.2) Solicitar prueba de la autorizaci\u00f3n otorgada al Responsable del Tratamiento salvo cuando expresamente se except\u00fae como requisito para el Tratamiento, de conformidad con lo previsto en el art\u00edculo 10 de la ley 1581\/12; 6.3) Ser informado por el Responsable del Tratamiento o el Encargado del Tratamiento, previa solicitud, respecto del uso que le ha dado a sus datos personales; 6.4) Presentar ante la Superintendencia de Industria y Comercio quejas por infracciones a lo dispuesto en la presente ley y las dem\u00e1s normas que la modifiquen, adicionen o complementen; 6.5) Revocar la autorizaci\u00f3n y\/o solicitar la supresi\u00f3n del dato cuando en el Tratamiento no se respeten los principios, derechos y garant\u00edas constitucionales y legales. La revocatoria y\/o supresi\u00f3n proceder\u00e1 cuando la Superintendencia de Industria y Comercio haya determinado que en el Tratamiento el Responsable o Encargado han incurrido en conductas contrarias a esta ley y a la Constituci\u00f3n; 6.6) Acceder en forma gratuita a sus datos personales que hayan sido objeto de Tratamiento. 6.7) Eliminar el dato siempre y cuando no est\u00e9 amparado o sea necesario en virtud de un contrato vigente o por la Ley.\u200bVII. MEDIDAS DE SEGURIDAD.\u200bToda la informaci\u00f3n que reposa en las bases de datos administradas por SANUM S.A.S., est\u00e1 protegida, tanto en su acceso, conservaci\u00f3n y uso.SANUM S.A.S. cuenta con altos est\u00e1ndares de seguridad inform\u00e1tica y ha implementado los procedimientos requeridos para garantizar la confidencialidad y uso apropiado de la informaci\u00f3n.SANUM S.A.S. est\u00e1 en proceso continuo de mejora de sus sistemas de seguridad, buscando los m\u00e1s altos est\u00e1ndares de tecnolog\u00eda existentes y que pueda adquirir, teniendo en cuenta el tama\u00f1o de su empresa.\u200bVIII. CIRCULACION TRANSFRONTERIZA DE DATOS\u200bSANUM S.A.S. almacena informaci\u00f3n en la Nube. Para el efecto ha seleccionado a un proveedor serio y responsable que se encuentra ubicado en Colombia.\u200bIX. CAMBIOS EN LAS POLITICAS O EN EL AVISO DE PRIVACIDAD. Las Pol\u00edticas de Privacidad, as\u00ed como el Manual de Pol\u00edticas y Procedimientos que desarrolla la pol\u00edtica adoptada por la empresa, estar\u00e1 a su disposici\u00f3n en internet en la p\u00e1gina web\u00a0<a data-auto-recognition=\"true\" href=\"http:\/\/www.sanum.co\/\" target=\"_blank\" class=\"wixui-rich-text__text\" rel=\"noopener\" style=\"color: #333333;\">www.sanum.co<\/a>\u00a0Cualquier cambio sustancial en el Manual ser\u00e1 informado a trav\u00e9s del mismo medio, y posteriormente, en cualquier otro que se considere pertinente.Los cambios sustanciales que se produzcan en el Aviso de Privacidad se informar\u00e1n de manera oportuna por el mismo medio virtual.<\/span><\/p>\n<p>[\/et_pb_text][\/et_pb_column][\/et_pb_row][et_pb_row _builder_version=&#8221;4.27.0&#8243; _module_preset=&#8221;default&#8221; global_colors_info=&#8221;{}&#8221;][et_pb_column type=&#8221;4_4&#8243; _builder_version=&#8221;4.27.0&#8243; _module_preset=&#8221;default&#8221; global_colors_info=&#8221;{}&#8221;][\/et_pb_column][\/et_pb_row][\/et_pb_section]<\/p>\n","protected":false},"excerpt":{"rendered":"<p>Politicas de PrivacidadI. AVISO DE PRIVACIDAD \u200bSANUM S.A.S.\u00a0es una compa\u00f1\u00eda creada en el a\u00f1o 2017, dedicada principalmente a la creaci\u00f3n, elaboraci\u00f3n, desarrollo, montaje, consultor\u00eda de software, soluciones integrales de Telemedicina interactiva y no interactiva, Telesalud, Tele orientaci\u00f3n, Teleducaci\u00f3n, Tele apoyo, Teleconcepto, Telemonitoreo remoto de pacientes y todo lo relacionado con asesor\u00edas consultor\u00edas y capacitaciones en [&hellip;]<\/p>\n","protected":false},"author":1,"featured_media":0,"parent":0,"menu_order":0,"comment_status":"closed","ping_status":"closed","template":"","meta":{"_et_pb_use_builder":"on","_et_pb_old_content":"","_et_gb_content_width":"","footnotes":""},"class_list":["post-2788","page","type-page","status-publish","hentry"],"_links":{"self":[{"href":"https:\/\/sanumbe.com\/es\/wp-json\/wp\/v2\/pages\/2788","targetHints":{"allow":["GET"]}}],"collection":[{"href":"https:\/\/sanumbe.com\/es\/wp-json\/wp\/v2\/pages"}],"about":[{"href":"https:\/\/sanumbe.com\/es\/wp-json\/wp\/v2\/types\/page"}],"author":[{"embeddable":true,"href":"https:\/\/sanumbe.com\/es\/wp-json\/wp\/v2\/users\/1"}],"replies":[{"embeddable":true,"href":"https:\/\/sanumbe.com\/es\/wp-json\/wp\/v2\/comments?post=2788"}],"version-history":[{"count":9,"href":"https:\/\/sanumbe.com\/es\/wp-json\/wp\/v2\/pages\/2788\/revisions"}],"predecessor-version":[{"id":3521,"href":"https:\/\/sanumbe.com\/es\/wp-json\/wp\/v2\/pages\/2788\/revisions\/3521"}],"wp:attachment":[{"href":"https:\/\/sanumbe.com\/es\/wp-json\/wp\/v2\/media?parent=2788"}],"curies":[{"name":"wp","href":"https:\/\/api.w.org\/{rel}","templated":true}]}}