{"id":3382,"date":"2024-08-17T08:49:37","date_gmt":"2024-08-17T13:49:37","guid":{"rendered":"https:\/\/sanumbe.com\/?page_id=3382"},"modified":"2024-10-29T17:54:04","modified_gmt":"2024-10-29T22:54:04","slug":"renovarte-3","status":"publish","type":"page","link":"https:\/\/sanumbe.com\/en\/renovarte-3\/","title":{"rendered":"RenovARTE"},"content":{"rendered":"<p>[et_pb_section fb_built=&#8221;1&#8243; inner_shadow=&#8221;off&#8221; _builder_version=&#8221;4.27.0&#8243; _module_preset=&#8221;default&#8221; background_image=&#8221;https:\/\/sanumbe.com\/wp-content\/uploads\/2024\/08\/image.jpg&#8221; parallax=&#8221;on&#8221; min_height=&#8221;162px&#8221; custom_margin=&#8221;||40px|||&#8221; custom_padding=&#8221;||3px|||&#8221; da_disable_devices=&#8221;off|off|off&#8221; locked=&#8221;off&#8221; global_colors_info=&#8221;{}&#8221; da_is_popup=&#8221;off&#8221; da_exit_intent=&#8221;off&#8221; da_has_close=&#8221;on&#8221; da_alt_close=&#8221;off&#8221; da_dark_close=&#8221;off&#8221; da_not_modal=&#8221;on&#8221; da_is_singular=&#8221;off&#8221; da_with_loader=&#8221;off&#8221; da_has_shadow=&#8221;on&#8221;][et_pb_row _builder_version=&#8221;4.27.0&#8243; _module_preset=&#8221;default&#8221; global_colors_info=&#8221;{}&#8221;][et_pb_column type=&#8221;4_4&#8243; _builder_version=&#8221;4.27.0&#8243; _module_preset=&#8221;default&#8221; global_colors_info=&#8221;{}&#8221;][et_pb_text _builder_version=&#8221;4.27.2&#8243; _module_preset=&#8221;default&#8221; text_font=&#8221;League Spartan|700|||||||&#8221; text_text_color=&#8221;#cc1db8&#8243; text_font_size=&#8221;40px&#8221; header_font=&#8221;League Spartan||||||||&#8221; header_text_align=&#8221;center&#8221; header_font_size=&#8221;52px&#8221; custom_margin=&#8221;20px||||false|false&#8221; custom_padding=&#8221;53px|||||&#8221; locked=&#8221;off&#8221; global_colors_info=&#8221;{}&#8221;]<\/p>\n<p style=\"text-align: center;\">RenovARTE<\/p>\n<p>[\/et_pb_text][\/et_pb_column][\/et_pb_row][\/et_pb_section][et_pb_section fb_built=&#8221;1&#8243; inner_shadow=&#8221;off&#8221; _builder_version=&#8221;4.27.2&#8243; _module_preset=&#8221;_initial&#8221; min_height=&#8221;532.4px&#8221; custom_margin=&#8221;50px||-13px||false|false&#8221; hover_enabled=&#8221;0&#8243; da_disable_devices=&#8221;off|off|off&#8221; locked=&#8221;off&#8221; global_colors_info=&#8221;{}&#8221; sticky_enabled=&#8221;0&#8243; da_is_popup=&#8221;off&#8221; da_exit_intent=&#8221;off&#8221; da_has_close=&#8221;on&#8221; da_alt_close=&#8221;off&#8221; da_dark_close=&#8221;off&#8221; da_not_modal=&#8221;on&#8221; da_is_singular=&#8221;off&#8221; da_with_loader=&#8221;off&#8221; da_has_shadow=&#8221;on&#8221;][et_pb_row column_structure=&#8221;1_2,1_2&#8243; _builder_version=&#8221;4.27.0&#8243; _module_preset=&#8221;f96c0a64-4f06-4bbe-9b63-c7ea96c1b6bc&#8221; background_color=&#8221;#e8e6e6&#8243; max_width=&#8221;876px&#8221; border_radii=&#8221;on|40px|40px|40px|40px&#8221; global_colors_info=&#8221;{}&#8221;][et_pb_column type=&#8221;1_2&#8243; _builder_version=&#8221;4.27.0&#8243; _module_preset=&#8221;default&#8221; global_colors_info=&#8221;{}&#8221;][et_pb_text _builder_version=&#8221;4.27.2&#8243; _module_preset=&#8221;default&#8221; text_font=&#8221;League Spartan|700|||||||&#8221; text_text_color=&#8221;#cc1db8&#8243; text_font_size=&#8221;28px&#8221; text_orientation=&#8221;center&#8221; custom_margin=&#8221;50px|-150px|30px||false|false&#8221; custom_padding=&#8221;||||false|false&#8221; global_colors_info=&#8221;{}&#8221;]<\/p>\n<p style=\"text-align: right;\"><span>SanumBe RenovArte<\/span><\/p>\n<p>[\/et_pb_text][et_pb_image src=&#8221;https:\/\/sanumbe.com\/wp-content\/uploads\/2024\/08\/RenovARTE-1.png&#8221; title_text=&#8221;RenovARTE&#8221; align=&#8221;center&#8221; force_fullwidth=&#8221;on&#8221; _builder_version=&#8221;4.27.2&#8243; _module_preset=&#8221;_initial&#8221; module_alignment=&#8221;center&#8221; min_height=&#8221;100px&#8221; height=&#8221;250px&#8221; custom_margin=&#8221;42px||42px||false|false&#8221; custom_padding=&#8221;3px|0px|3px|40px|false|false&#8221; border_radii=&#8221;on|20px|20px|20px|20px&#8221; border_style_all=&#8221;dashed&#8221; box_shadow_style=&#8221;preset1&#8243; global_colors_info=&#8221;{}&#8221;][\/et_pb_image][et_pb_button button_url=&#8221;https:\/\/wa.me\/+573152047012&#8243; button_text=&#8221;Cont\u00e1ctarme con un asesor&#8221; button_alignment=&#8221;center&#8221; _builder_version=&#8221;4.27.2&#8243; _module_preset=&#8221;_initial&#8221; button_text_size=&#8221;15px&#8221; button_bg_color=&#8221;#cc1db8&#8243; button_border_width=&#8221;0px&#8221; button_border_radius=&#8221;100px&#8221; button_font=&#8221;Open Sans|700|||||||&#8221; button_use_icon=&#8221;off&#8221; custom_margin=&#8221;50px|-435px|50px||false|false&#8221; custom_padding=&#8221;7px|30px|7px|30px|false|false&#8221; animation_style=&#8221;slide&#8221; animation_direction=&#8221;right&#8221; global_colors_info=&#8221;{}&#8221; button_text_size__hover=&#8221;20px&#8221;][\/et_pb_button][\/et_pb_column][et_pb_column type=&#8221;1_2&#8243; _builder_version=&#8221;4.27.2&#8243; _module_preset=&#8221;default&#8221; global_colors_info=&#8221;{}&#8221;][et_pb_text _builder_version=&#8221;4.27.2&#8243; _module_preset=&#8221;default&#8221; text_font=&#8221;Open Sans||||||||&#8221; text_font_size=&#8221;17px&#8221; custom_margin=&#8221;120px|50px|10px|40px|false|false&#8221; hover_enabled=&#8221;0&#8243; global_colors_info=&#8221;{}&#8221; text_line_height=&#8221;1.5em&#8221; text_orientation=&#8221;justified&#8221; sticky_enabled=&#8221;0&#8243;]<\/p>\n<p><span class=\"OYPEnA font-feature-liga-off font-feature-clig-off font-feature-calt-off text-decoration-none text-strikethrough-none\">Ofrecemos un programa 100% virtual que favorece la resocializaci\u00f3n de la poblaci\u00f3n privada de libertad, enfoc\u00e1ndose en la recuperaci\u00f3n de estados emocionales y la salud mental, el incremento de la inteligencia emocional, y la integraci\u00f3n en la formaci\u00f3n de proyectos productivos que fomentan un sentido de vida y preparaci\u00f3n para el trabajo.<\/span><\/p>\n<p>[\/et_pb_text][\/et_pb_column][\/et_pb_row][\/et_pb_section][et_pb_section fb_built=&#8221;1&#8243; inner_shadow=&#8221;off&#8221; _builder_version=&#8221;4.27.2&#8243; _module_preset=&#8221;default&#8221; background_color=&#8221;#f0f0f0&#8243; min_height=&#8221;28px&#8221; custom_margin=&#8221;44px||-60px||false|false&#8221; custom_padding=&#8221;0px|||||&#8221; hover_enabled=&#8221;0&#8243; da_disable_devices=&#8221;off|off|off&#8221; locked=&#8221;off&#8221; global_colors_info=&#8221;{}&#8221; sticky_enabled=&#8221;0&#8243; da_is_popup=&#8221;off&#8221; da_exit_intent=&#8221;off&#8221; da_has_close=&#8221;on&#8221; da_alt_close=&#8221;off&#8221; da_dark_close=&#8221;off&#8221; da_not_modal=&#8221;on&#8221; da_is_singular=&#8221;off&#8221; da_with_loader=&#8221;off&#8221; da_has_shadow=&#8221;on&#8221;][et_pb_row column_structure=&#8221;1_3,1_3,1_3&#8243; _builder_version=&#8221;4.27.0&#8243; _module_preset=&#8221;default&#8221; custom_margin=&#8221;6px|auto||auto|false|false&#8221; global_colors_info=&#8221;{}&#8221;][et_pb_column type=&#8221;1_3&#8243; _builder_version=&#8221;4.27.0&#8243; _module_preset=&#8221;default&#8221; global_colors_info=&#8221;{}&#8221;][et_pb_button button_url=&#8221;https:\/\/sanumbe.com\/heroes-con-corazon-2\/&#8221; button_text=&#8221;Anterior Servicio&#8221; button_alignment=&#8221;left&#8221; _builder_version=&#8221;4.27.0&#8243; _module_preset=&#8221;default&#8221; button_text_color=&#8221;#0a0a0a&#8221; button_bg_color=&#8221;#f0f0f0&#8243; button_border_width=&#8221;0px&#8221; button_font=&#8221;League Spartan|100|||||||&#8221; button_icon=&#8221;&#x23;||divi||400&#8243; button_icon_color=&#8221;#0a0a0a&#8221; button_icon_placement=&#8221;left&#8221; global_colors_info=&#8221;{}&#8221;][\/et_pb_button][\/et_pb_column][et_pb_column type=&#8221;1_3&#8243; _builder_version=&#8221;4.27.0&#8243; _module_preset=&#8221;default&#8221; global_colors_info=&#8221;{}&#8221;][et_pb_button button_url=&#8221;https:\/\/sanumbe.com\/servicios\/&#8221; button_text=&#8221;Servicios&#8221; button_alignment=&#8221;center&#8221; _builder_version=&#8221;4.27.0&#8243; _module_preset=&#8221;default&#8221; button_text_color=&#8221;#0a0a0a&#8221; button_bg_color=&#8221;#f0f0f0&#8243; button_border_width=&#8221;0px&#8221; button_font=&#8221;League Spartan|100|||||||&#8221; button_icon=&#8221;&#xf7ae;||fa||900&#8243; button_icon_color=&#8221;#0a0a0a&#8221; global_colors_info=&#8221;{}&#8221;][\/et_pb_button][\/et_pb_column][et_pb_column type=&#8221;1_3&#8243; _builder_version=&#8221;4.27.0&#8243; _module_preset=&#8221;default&#8221; global_colors_info=&#8221;{}&#8221;][et_pb_button button_url=&#8221;https:\/\/sanumbe.com\/bienestar-y-finanzas-2\/&#8221; button_text=&#8221;Siguiente Servicio&#8221; button_alignment=&#8221;right&#8221; _builder_version=&#8221;4.27.0&#8243; _module_preset=&#8221;default&#8221; button_text_color=&#8221;#0a0a0a&#8221; button_bg_color=&#8221;#f0f0f0&#8243; button_border_width=&#8221;0px&#8221; button_font=&#8221;League Spartan|100|||||||&#8221; button_icon=&#8221;&#x24;||divi||400&#8243; button_icon_color=&#8221;#0a0a0a&#8221; global_colors_info=&#8221;{}&#8221;][\/et_pb_button][\/et_pb_column][\/et_pb_row][\/et_pb_section]<\/p>","protected":false},"excerpt":{"rendered":"<p>RenovARTESanumBe RenovArteOfrecemos un programa 100% virtual que favorece la resocializaci\u00f3n de la poblaci\u00f3n privada de libertad, enfoc\u00e1ndose en la recuperaci\u00f3n de estados emocionales y la salud mental, el incremento de la inteligencia emocional, y la integraci\u00f3n en la formaci\u00f3n de proyectos productivos que fomentan un sentido de vida y preparaci\u00f3n para el trabajo.<\/p>","protected":false},"author":1,"featured_media":0,"parent":0,"menu_order":0,"comment_status":"closed","ping_status":"closed","template":"","meta":{"_et_pb_use_builder":"on","_et_pb_old_content":"","_et_gb_content_width":"","footnotes":""},"class_list":["post-3382","page","type-page","status-publish","hentry"],"_links":{"self":[{"href":"https:\/\/sanumbe.com\/en\/wp-json\/wp\/v2\/pages\/3382","targetHints":{"allow":["GET"]}}],"collection":[{"href":"https:\/\/sanumbe.com\/en\/wp-json\/wp\/v2\/pages"}],"about":[{"href":"https:\/\/sanumbe.com\/en\/wp-json\/wp\/v2\/types\/page"}],"author":[{"embeddable":true,"href":"https:\/\/sanumbe.com\/en\/wp-json\/wp\/v2\/users\/1"}],"replies":[{"embeddable":true,"href":"https:\/\/sanumbe.com\/en\/wp-json\/wp\/v2\/comments?post=3382"}],"version-history":[{"count":7,"href":"https:\/\/sanumbe.com\/en\/wp-json\/wp\/v2\/pages\/3382\/revisions"}],"predecessor-version":[{"id":3733,"href":"https:\/\/sanumbe.com\/en\/wp-json\/wp\/v2\/pages\/3382\/revisions\/3733"}],"wp:attachment":[{"href":"https:\/\/sanumbe.com\/en\/wp-json\/wp\/v2\/media?parent=3382"}],"curies":[{"name":"wp","href":"https:\/\/api.w.org\/{rel}","templated":true}]}}