{"id":2679,"date":"2024-08-15T22:20:39","date_gmt":"2024-08-15T22:20:39","guid":{"rendered":"https:\/\/sanumbe.com\/?page_id=2679"},"modified":"2024-10-29T17:00:27","modified_gmt":"2024-10-29T22:00:27","slug":"bienestar-y-finanzas-2","status":"publish","type":"page","link":"https:\/\/sanumbe.com\/en\/bienestar-y-finanzas-2\/","title":{"rendered":"Wellness and Finance"},"content":{"rendered":"<p>[et_pb_section fb_built=&#8221;1&#8243; _builder_version=&#8221;4.27.0&#8243; _module_preset=&#8221;default&#8221; use_background_color_gradient=&#8221;off&#8221; background_image=&#8221;https:\/\/sanumbe.com\/wp-content\/uploads\/2024\/08\/Fondo-cerdito-1.jpg&#8221; min_height=&#8221;173px&#8221; da_disable_devices=&#8221;off|off|off&#8221; global_colors_info=&#8221;{}&#8221; da_is_popup=&#8221;off&#8221; da_exit_intent=&#8221;off&#8221; da_has_close=&#8221;on&#8221; da_alt_close=&#8221;off&#8221; da_dark_close=&#8221;off&#8221; da_not_modal=&#8221;on&#8221; da_is_singular=&#8221;off&#8221; da_with_loader=&#8221;off&#8221; da_has_shadow=&#8221;on&#8221;][et_pb_row _builder_version=&#8221;4.27.0&#8243; _module_preset=&#8221;default&#8221; global_colors_info=&#8221;{}&#8221;][et_pb_column type=&#8221;4_4&#8243; _builder_version=&#8221;4.27.0&#8243; _module_preset=&#8221;default&#8221; global_colors_info=&#8221;{}&#8221;][et_pb_text _builder_version=&#8221;4.27.2&#8243; _module_preset=&#8221;default&#8221; text_font=&#8221;League Spartan|700|||||||&#8221; text_text_color=&#8221;#cc1db8&#8243; text_font_size=&#8221;40px&#8221; header_font=&#8221;League Spartan||||||||&#8221; header_text_align=&#8221;center&#8221; header_font_size=&#8221;52px&#8221; custom_margin=&#8221;||0px|||&#8221; custom_padding=&#8221;53px|||||&#8221; locked=&#8221;off&#8221; global_colors_info=&#8221;{}&#8221;]<\/p>\n<h1 class=\"font_0 wixui-rich-text__text\" style=\"font-size: 2em;\" text-align:=\"\" center=\"\"><span style=\"color: #cc1db8;\"><strong><span class=\"color_41 wixui-rich-text__text\"><span class=\"wixui-rich-text__text\">Wellness and Finance<\/span><\/span><\/strong><\/span><\/h1>\n<p>[\/et_pb_text][\/et_pb_column][\/et_pb_row][\/et_pb_section][et_pb_section fb_built=&#8221;1&#8243; inner_shadow=&#8221;off&#8221; _builder_version=&#8221;4.27.0&#8243; _module_preset=&#8221;default&#8221; da_disable_devices=&#8221;off|off|off&#8221; global_colors_info=&#8221;{}&#8221; da_is_popup=&#8221;off&#8221; da_exit_intent=&#8221;off&#8221; da_has_close=&#8221;on&#8221; da_alt_close=&#8221;off&#8221; da_dark_close=&#8221;off&#8221; da_not_modal=&#8221;on&#8221; da_is_singular=&#8221;off&#8221; da_with_loader=&#8221;off&#8221; da_has_shadow=&#8221;on&#8221;][et_pb_row _builder_version=&#8221;4.27.0&#8243; _module_preset=&#8221;default&#8221; global_colors_info=&#8221;{}&#8221;][et_pb_column type=&#8221;4_4&#8243; _builder_version=&#8221;4.27.0&#8243; _module_preset=&#8221;default&#8221; global_colors_info=&#8221;{}&#8221;][et_pb_text _builder_version=&#8221;4.27.2&#8243; _module_preset=&#8221;default&#8221; text_font=&#8221;Open Sans||||||||&#8221; text_font_size=&#8221;18px&#8221; text_line_height=&#8221;1.5em&#8221; text_orientation=&#8221;center&#8221; custom_padding=&#8221;13px||25px|||&#8221; hover_enabled=&#8221;0&#8243; global_colors_info=&#8221;{}&#8221; sticky_enabled=&#8221;0&#8243;]<\/p>\n<p><span>Discover how to overcome the limits of financial education to achieve true financial stability. Get practical tools and effective strategies to manage your finances wisely and ensure a stable financial future.<\/span><\/p>\n<p>[\/et_pb_text][et_pb_text _builder_version=&#8221;4.27.2&#8243; _module_preset=&#8221;default&#8221; text_font=&#8221;Open Sans|700|||||||&#8221; text_font_size=&#8221;18px&#8221; text_orientation=&#8221;center&#8221; custom_padding=&#8221;17px||16px|||&#8221; global_colors_info=&#8221;{}&#8221;]<\/p>\n<p><span>Empower your well-being with sound and healthy finances!<\/span><\/p>\n<p>[\/et_pb_text][\/et_pb_column][\/et_pb_row][\/et_pb_section][et_pb_section fb_built=&#8221;1&#8243; inner_shadow=&#8221;off&#8221; _builder_version=&#8221;4.27.0&#8243; _module_preset=&#8221;_initial&#8221; height_tablet=&#8221;auto&#8221; height_phone=&#8221;auto&#8221; height_last_edited=&#8221;on|tablet&#8221; custom_margin=&#8221;50px||50px||true|false&#8221; da_disable_devices=&#8221;off|off|off&#8221; locked=&#8221;off&#8221; global_colors_info=&#8221;{}&#8221; da_is_popup=&#8221;off&#8221; da_exit_intent=&#8221;off&#8221; da_has_close=&#8221;on&#8221; da_alt_close=&#8221;off&#8221; da_dark_close=&#8221;off&#8221; da_not_modal=&#8221;on&#8221; da_is_singular=&#8221;off&#8221; da_with_loader=&#8221;off&#8221; da_has_shadow=&#8221;on&#8221;][et_pb_row column_structure=&#8221;1_2,1_2&#8243; use_custom_gutter=&#8221;on&#8221; gutter_width=&#8221;3&#8243; make_equal=&#8221;on&#8221; _builder_version=&#8221;4.27.2&#8243; _module_preset=&#8221;f96c0a64-4f06-4bbe-9b63-c7ea96c1b6bc&#8221; background_color=&#8221;RGBA(255,255,255,0)&#8221; max_width=&#8221;1500px&#8221; custom_margin=&#8221;|100px|30px|100px|false|true&#8221; custom_padding=&#8221;||||false|false&#8221; hover_enabled=&#8221;0&#8243; global_colors_info=&#8221;{}&#8221; width=&#8221;90%&#8221; sticky_enabled=&#8221;0&#8243;][et_pb_column type=&#8221;1_2&#8243; _builder_version=&#8221;4.27.0&#8243; _module_preset=&#8221;default&#8221; background_color=&#8221;gcid-19c52766-4d72-4cbe-a10e-073c72c2ff1d&#8221; custom_padding=&#8221;20px|20px|20px|20px|true|true&#8221; custom_css_main_element=&#8221;display:flex;||flex-wrap: wrap;||align-items:center;&#8221; border_radii=&#8221;on|40px|40px|40px|40px&#8221; global_colors_info=&#8221;{%22gcid-19c52766-4d72-4cbe-a10e-073c72c2ff1d%22:%91%22background_color%22%93}&#8221;][et_pb_text _builder_version=&#8221;4.27.2&#8243; _module_preset=&#8221;default&#8221; text_font=&#8221;League Spartan||||||||&#8221; text_text_color=&#8221;#cc1db8&#8243; text_font_size=&#8221;27px&#8221; header_2_font=&#8221;League Spartan|600|||||||&#8221; header_2_text_color=&#8221;gcid-577a0add-9b59-4144-add2-2ba7b7942539&#8243; header_3_font=&#8221;League Spartan|300|||||||&#8221; header_3_text_align=&#8221;left&#8221; text_orientation=&#8221;center&#8221; width=&#8221;100%&#8221; module_alignment=&#8221;center&#8221; global_colors_info=&#8221;{%22gcid-577a0add-9b59-4144-add2-2ba7b7942539%22:%91%22header_2_text_color%22%93}&#8221;]<\/p>\n<div id=\"comp-lv6qm2y7\" class=\"MazNVa comp-lv6qm2y7 wixui-image\">\n<h2 data-testid=\"linkElement\" class=\"j7pOnl\" style=\"text-align: center;\"><span>Financial Detox<\/span><\/h2>\n<\/div>\n<p>[\/et_pb_text][et_pb_image src=&#8221;https:\/\/sanumbe.com\/wp-content\/uploads\/2024\/08\/Curso-Virtual-Financiero-copia.jpg&#8221; title_text=&#8221;Curso Virtual Financiero &#8211; copia&#8221; show_bottom_space=&#8221;off&#8221; align=&#8221;center&#8221; _builder_version=&#8221;4.27.2&#8243; _module_preset=&#8221;default&#8221; transform_scale_linked=&#8221;off&#8221; transform_translate=&#8221;-6px|0px&#8221; transform_origin=&#8221;51%|50%&#8221; z_index=&#8221;0&#8243; width=&#8221;100%&#8221; max_width=&#8221;100%&#8221; module_alignment=&#8221;center&#8221; custom_margin=&#8221;-17px|0px|0px|0px|false|false&#8221; custom_padding=&#8221;|0px|20px|0px|false|false&#8221; hover_enabled=&#8221;0&#8243; custom_css_free_form=&#8221;||||||||||||&#8221; border_radii=&#8221;on|30px|30px|30px|30px&#8221; box_shadow_style=&#8221;preset1&#8243; global_colors_info=&#8221;{}&#8221; sticky_enabled=&#8221;0&#8243;][\/et_pb_image][et_pb_text _builder_version=&#8221;4.27.2&#8243; _module_preset=&#8221;default&#8221; text_font=&#8221;Open Sans||||||||&#8221; text_text_color=&#8221;gcid-6840984a-3c28-4d88-845b-e0f9f6369ce7&#8243; text_font_size=&#8221;17px&#8221; text_line_height=&#8221;1.6em&#8221; header_font=&#8221;League Spartan||||||||&#8221; text_orientation=&#8221;justified&#8221; width=&#8221;100%&#8221; module_alignment=&#8221;center&#8221; custom_margin=&#8221;4px|20px||20px|false|true&#8221; hover_enabled=&#8221;0&#8243; global_colors_info=&#8221;{%22gcid-6840984a-3c28-4d88-845b-e0f9f6369ce7%22:%91%22text_text_color%22%93}&#8221; sticky_enabled=&#8221;0&#8243;]<\/p>\n<p><span>To accompany people in the challenge of organizing their finances, in order to improve the quality of personal and family life from an integral perspective.<\/span><\/p>\n<p>[\/et_pb_text][et_pb_button button_url=&#8221;https:\/\/wa.me\/+573152047012&#8243; url_new_window=&#8221;on&#8221; button_text=&#8221;Contactarme con un asesor&#8221; button_alignment=&#8221;center&#8221; _builder_version=&#8221;4.27.2&#8243; _module_preset=&#8221;_initial&#8221; button_text_size=&#8221;15px&#8221; button_bg_color=&#8221;gcid-577a0add-9b59-4144-add2-2ba7b7942539&#8243; button_border_width=&#8221;0px&#8221; button_border_radius=&#8221;25px&#8221; button_font=&#8221;Open Sans||||||||&#8221; button_use_icon=&#8221;off&#8221; positioning=&#8221;relative&#8221; horizontal_offset=&#8221;60px&#8221; custom_margin=&#8221;|||150px|false|false&#8221; animation_style=&#8221;fade&#8221; global_colors_info=&#8221;{%22gcid-577a0add-9b59-4144-add2-2ba7b7942539%22:%91%22button_bg_color%22%93}&#8221; button_text_size__hover=&#8221;18px&#8221;][\/et_pb_button][\/et_pb_column][et_pb_column type=&#8221;1_2&#8243; _builder_version=&#8221;4.27.0&#8243; _module_preset=&#8221;default&#8221; background_color=&#8221;gcid-19c52766-4d72-4cbe-a10e-073c72c2ff1d&#8221; custom_padding=&#8221;20px|20px|20px|20px|true|true&#8221; custom_css_main_element=&#8221;display:flex;||flex-wrap: wrap;||align-items:center;&#8221; border_radii=&#8221;on|40px|40px|40px|40px&#8221; global_colors_info=&#8221;{%22gcid-19c52766-4d72-4cbe-a10e-073c72c2ff1d%22:%91%22background_color%22%93}&#8221;][et_pb_text _builder_version=&#8221;4.27.2&#8243; _module_preset=&#8221;default&#8221; text_font=&#8221;League Spartan||||||||&#8221; text_text_color=&#8221;#cc1db8&#8243; text_font_size=&#8221;27px&#8221; header_2_font=&#8221;League Spartan|600|||||||&#8221; header_2_text_color=&#8221;gcid-577a0add-9b59-4144-add2-2ba7b7942539&#8243; header_3_font=&#8221;League Spartan|300|||||||&#8221; header_3_text_align=&#8221;left&#8221; width=&#8221;100%&#8221; module_alignment=&#8221;center&#8221; locked=&#8221;off&#8221; global_colors_info=&#8221;{%22gcid-577a0add-9b59-4144-add2-2ba7b7942539%22:%91%22header_2_text_color%22%93}&#8221;]<\/p>\n<div id=\"comp-lv6qm2y7\" class=\"MazNVa comp-lv6qm2y7 wixui-image\">\n<h2 data-testid=\"linkElement\" class=\"j7pOnl\" style=\"text-align: center;\"><span>From the piggy bank to the stock market<\/span><\/h2>\n<\/div>\n<p>[\/et_pb_text][et_pb_image src=&#8221;https:\/\/sanumbe.com\/wp-content\/uploads\/2024\/08\/Del-Chanchito-a-la-Bolsa-de-Valores-copia.jpg&#8221; title_text=&#8221;Del Chanchito a la Bolsa de Valores copia&#8221; show_bottom_space=&#8221;off&#8221; align=&#8221;center&#8221; _builder_version=&#8221;4.27.0&#8243; _module_preset=&#8221;default&#8221; transform_scale_linked=&#8221;off&#8221; transform_translate=&#8221;-6px|0px&#8221; transform_origin=&#8221;51%|50%&#8221; z_index=&#8221;0&#8243; width=&#8221;100%&#8221; max_width=&#8221;100%&#8221; module_alignment=&#8221;center&#8221; custom_margin=&#8221;0px|0px|0px|0px|false|false&#8221; custom_padding=&#8221;|0px|20px|0px|false|false&#8221; custom_css_free_form=&#8221;||||||||||||&#8221; border_radii=&#8221;on|30px|30px|30px|30px&#8221; box_shadow_style=&#8221;preset1&#8243; global_colors_info=&#8221;{}&#8221;][\/et_pb_image][et_pb_text _builder_version=&#8221;4.27.2&#8243; _module_preset=&#8221;default&#8221; text_font=&#8221;Open Sans||||||||&#8221; text_text_color=&#8221;gcid-6840984a-3c28-4d88-845b-e0f9f6369ce7&#8243; text_font_size=&#8221;17px&#8221; text_line_height=&#8221;1.5em&#8221; header_font=&#8221;League Spartan||||||||&#8221; text_orientation=&#8221;justified&#8221; width=&#8221;100%&#8221; module_alignment=&#8221;center&#8221; custom_margin=&#8221;4px|20px||20px|false|true&#8221; hover_enabled=&#8221;0&#8243; locked=&#8221;off&#8221; global_colors_info=&#8221;{%22gcid-6840984a-3c28-4d88-845b-e0f9f6369ce7%22:%91%22text_text_color%22%93}&#8221; sticky_enabled=&#8221;0&#8243;]<\/p>\n<p><span>Educating your children financially is essential to cultivate a healthy relationship with money. This space provides tips and tools to promote responsible and conscious financial habits.<\/span><\/p>\n<p>[\/et_pb_text][et_pb_button button_url=&#8221;https:\/\/wa.me\/+573152047012&#8243; url_new_window=&#8221;on&#8221; button_text=&#8221;Contactarme con un asesor&#8221; button_alignment=&#8221;center&#8221; _builder_version=&#8221;4.27.0&#8243; _module_preset=&#8221;_initial&#8221; button_text_size=&#8221;18px&#8221; button_bg_color=&#8221;gcid-577a0add-9b59-4144-add2-2ba7b7942539&#8243; button_border_width=&#8221;0px&#8221; button_border_radius=&#8221;25px&#8221; button_font=&#8221;League Spartan||||||||&#8221; button_use_icon=&#8221;off&#8221; positioning=&#8221;relative&#8221; horizontal_offset=&#8221;60px&#8221; custom_margin=&#8221;|||150px|false|false&#8221; animation_style=&#8221;fade&#8221; locked=&#8221;off&#8221; global_colors_info=&#8221;{%22gcid-577a0add-9b59-4144-add2-2ba7b7942539%22:%91%22button_bg_color%22%93}&#8221; button_text_size__hover=&#8221;18px&#8221;][\/et_pb_button][\/et_pb_column][\/et_pb_row][\/et_pb_section][et_pb_section fb_built=&#8221;1&#8243; inner_shadow=&#8221;off&#8221; _builder_version=&#8221;4.27.0&#8243; _module_preset=&#8221;_initial&#8221; height_tablet=&#8221;auto&#8221; height_phone=&#8221;auto&#8221; height_last_edited=&#8221;on|tablet&#8221; custom_margin=&#8221;50px||50px||true|false&#8221; da_disable_devices=&#8221;off|off|off&#8221; locked=&#8221;off&#8221; global_colors_info=&#8221;{}&#8221; da_is_popup=&#8221;off&#8221; da_exit_intent=&#8221;off&#8221; da_has_close=&#8221;on&#8221; da_alt_close=&#8221;off&#8221; da_dark_close=&#8221;off&#8221; da_not_modal=&#8221;on&#8221; da_is_singular=&#8221;off&#8221; da_with_loader=&#8221;off&#8221; da_has_shadow=&#8221;on&#8221;][et_pb_row column_structure=&#8221;1_2,1_2&#8243; use_custom_gutter=&#8221;on&#8221; gutter_width=&#8221;3&#8243; make_equal=&#8221;on&#8221; _builder_version=&#8221;4.27.2&#8243; _module_preset=&#8221;f96c0a64-4f06-4bbe-9b63-c7ea96c1b6bc&#8221; background_color=&#8221;RGBA(255,255,255,0)&#8221; max_width=&#8221;1500px&#8221; custom_margin=&#8221;|100px|30px|100px|false|true&#8221; custom_padding=&#8221;||||false|false&#8221; hover_enabled=&#8221;0&#8243; global_colors_info=&#8221;{}&#8221; sticky_enabled=&#8221;0&#8243; width=&#8221;90%&#8221;][et_pb_column type=&#8221;1_2&#8243; _builder_version=&#8221;4.27.0&#8243; _module_preset=&#8221;default&#8221; background_color=&#8221;gcid-19c52766-4d72-4cbe-a10e-073c72c2ff1d&#8221; custom_padding=&#8221;20px|20px|20px|20px|true|true&#8221; custom_css_main_element=&#8221;display:flex;||flex-wrap: wrap;||align-items:center;&#8221; border_radii=&#8221;on|40px|40px|40px|40px&#8221; global_colors_info=&#8221;{%22gcid-19c52766-4d72-4cbe-a10e-073c72c2ff1d%22:%91%22background_color%22%93}&#8221;][et_pb_text _builder_version=&#8221;4.27.2&#8243; _module_preset=&#8221;default&#8221; text_font=&#8221;League Spartan||||||||&#8221; text_text_color=&#8221;#cc1db8&#8243; text_font_size=&#8221;27px&#8221; header_2_font=&#8221;League Spartan|600|||||||&#8221; header_2_text_color=&#8221;gcid-577a0add-9b59-4144-add2-2ba7b7942539&#8243; header_3_font=&#8221;League Spartan|300|||||||&#8221; header_3_text_align=&#8221;left&#8221; width=&#8221;100%&#8221; module_alignment=&#8221;center&#8221; global_colors_info=&#8221;{%22gcid-577a0add-9b59-4144-add2-2ba7b7942539%22:%91%22header_2_text_color%22%93}&#8221;]<\/p>\n<div id=\"comp-lv6qm2y7\" class=\"MazNVa comp-lv6qm2y7 wixui-image\">\n<h2 data-testid=\"linkElement\" class=\"j7pOnl\" style=\"text-align: center;\"><span>Dreams and Finances Map<\/span><\/h2>\n<\/div>\n<p>[\/et_pb_text][et_pb_image src=&#8221;https:\/\/sanumbe.com\/wp-content\/uploads\/2024\/08\/Mapa-de-Suenos-y-Finanzas-copia.png&#8221; title_text=&#8221;Mapa de Sue\u00f1os y Finanzas copia&#8221; show_bottom_space=&#8221;off&#8221; align=&#8221;center&#8221; _builder_version=&#8221;4.27.0&#8243; _module_preset=&#8221;default&#8221; transform_scale_linked=&#8221;off&#8221; transform_translate=&#8221;-6px|0px&#8221; transform_origin=&#8221;51%|50%&#8221; z_index=&#8221;0&#8243; width=&#8221;100%&#8221; max_width=&#8221;100%&#8221; module_alignment=&#8221;center&#8221; custom_margin=&#8221;0px|0px|0px|0px|false|false&#8221; custom_padding=&#8221;|0px|20px|0px|false|false&#8221; custom_css_free_form=&#8221;||||||||||||&#8221; border_radii=&#8221;on|30px|30px|30px|30px&#8221; box_shadow_style=&#8221;preset1&#8243; global_colors_info=&#8221;{}&#8221;][\/et_pb_image][et_pb_text _builder_version=&#8221;4.27.2&#8243; _module_preset=&#8221;default&#8221; text_font=&#8221;Open Sans||||||||&#8221; text_text_color=&#8221;gcid-6840984a-3c28-4d88-845b-e0f9f6369ce7&#8243; text_font_size=&#8221;17px&#8221; text_line_height=&#8221;1.5em&#8221; header_font=&#8221;League Spartan||||||||&#8221; text_orientation=&#8221;justified&#8221; width=&#8221;100%&#8221; module_alignment=&#8221;center&#8221; custom_margin=&#8221;|20px||20px|false|true&#8221; hover_enabled=&#8221;0&#8243; global_colors_info=&#8221;{%22gcid-6840984a-3c28-4d88-845b-e0f9f6369ce7%22:%91%22text_text_color%22%93}&#8221; sticky_enabled=&#8221;0&#8243;]<\/p>\n<p><span>A creative tool to visualize goals and dreams, connecting them with a clear purpose, facilitating the evaluation and work towards the fulfillment of objectives.<\/span><\/p>\n<p>[\/et_pb_text][et_pb_button button_url=&#8221;https:\/\/wa.me\/+573152047012&#8243; url_new_window=&#8221;on&#8221; button_text=&#8221;Contactarme con un asesor&#8221; button_alignment=&#8221;center&#8221; _builder_version=&#8221;4.27.2&#8243; _module_preset=&#8221;_initial&#8221; button_text_size=&#8221;15px&#8221; button_bg_color=&#8221;gcid-577a0add-9b59-4144-add2-2ba7b7942539&#8243; button_border_width=&#8221;0px&#8221; button_border_radius=&#8221;25px&#8221; button_font=&#8221;Open Sans||||||||&#8221; button_use_icon=&#8221;off&#8221; positioning=&#8221;relative&#8221; horizontal_offset=&#8221;60px&#8221; custom_margin=&#8221;|||150px|false|false&#8221; animation_style=&#8221;fade&#8221; global_colors_info=&#8221;{%22gcid-577a0add-9b59-4144-add2-2ba7b7942539%22:%91%22button_bg_color%22%93}&#8221; button_text_size__hover=&#8221;18px&#8221;][\/et_pb_button][\/et_pb_column][et_pb_column type=&#8221;1_2&#8243; _builder_version=&#8221;4.27.0&#8243; _module_preset=&#8221;default&#8221; background_color=&#8221;gcid-19c52766-4d72-4cbe-a10e-073c72c2ff1d&#8221; custom_padding=&#8221;20px|20px|20px|20px|true|true&#8221; custom_css_main_element=&#8221;display:flex;||flex-wrap: wrap;||align-items:center;&#8221; border_radii=&#8221;on|40px|40px|40px|40px&#8221; global_colors_info=&#8221;{%22gcid-19c52766-4d72-4cbe-a10e-073c72c2ff1d%22:%91%22background_color%22%93}&#8221;][et_pb_text _builder_version=&#8221;4.27.2&#8243; _module_preset=&#8221;default&#8221; header_font=&#8221;League Spartan||||||||&#8221; header_font_size=&#8221;27px&#8221; header_2_font=&#8221;League Spartan|600|||||||&#8221; header_2_text_color=&#8221;gcid-577a0add-9b59-4144-add2-2ba7b7942539&#8243; header_3_font=&#8221;League Spartan|300|||||||&#8221; header_3_text_align=&#8221;left&#8221; width=&#8221;100%&#8221; module_alignment=&#8221;center&#8221; min_height=&#8221;0px&#8221; custom_padding=&#8221;||1px|||&#8221; locked=&#8221;off&#8221; global_colors_info=&#8221;{%22gcid-577a0add-9b59-4144-add2-2ba7b7942539%22:%91%22header_2_text_color%22%93}&#8221;]<\/p>\n<div id=\"comp-lv6qm2y7\" class=\"MazNVa comp-lv6qm2y7 wixui-image\">\n<h2 data-testid=\"linkElement\" class=\"j7pOnl\" style=\"text-align: center;\"><span>Finance for Wellbeing Kit<\/span><\/h2>\n<\/div>\n<p>[\/et_pb_text][et_pb_image src=&#8221;https:\/\/sanumbe.com\/wp-content\/uploads\/2024\/08\/Finanzas-para-el-Bienestar-copia.png&#8221; title_text=&#8221;Finanzas para el Bienestar copia&#8221; show_bottom_space=&#8221;off&#8221; align=&#8221;center&#8221; _builder_version=&#8221;4.27.0&#8243; _module_preset=&#8221;default&#8221; transform_scale_linked=&#8221;off&#8221; transform_translate=&#8221;-6px|0px&#8221; transform_origin=&#8221;51%|50%&#8221; z_index=&#8221;0&#8243; width=&#8221;100%&#8221; max_width=&#8221;100%&#8221; module_alignment=&#8221;center&#8221; custom_margin=&#8221;0px|0px|0px|0px|false|false&#8221; custom_padding=&#8221;|0px|20px|0px|false|false&#8221; custom_css_free_form=&#8221;||||||||||||&#8221; border_radii=&#8221;on|30px|30px|30px|30px&#8221; box_shadow_style=&#8221;preset1&#8243; global_colors_info=&#8221;{}&#8221;][\/et_pb_image][et_pb_text _builder_version=&#8221;4.27.2&#8243; _module_preset=&#8221;default&#8221; text_font=&#8221;Open Sans||||||||&#8221; text_text_color=&#8221;gcid-6840984a-3c28-4d88-845b-e0f9f6369ce7&#8243; text_font_size=&#8221;17px&#8221; text_line_height=&#8221;1.5em&#8221; header_font=&#8221;League Spartan||||||||&#8221; text_orientation=&#8221;justified&#8221; width=&#8221;100%&#8221; module_alignment=&#8221;center&#8221; custom_margin=&#8221;|20px||20px|false|true&#8221; hover_enabled=&#8221;0&#8243; locked=&#8221;off&#8221; global_colors_info=&#8221;{%22gcid-6840984a-3c28-4d88-845b-e0f9f6369ce7%22:%91%22text_text_color%22%93}&#8221; sticky_enabled=&#8221;0&#8243;]<\/p>\n<p><span>Financial health goes beyond keeping finances in order; understanding the meaning of money in our history is key to applying tips that promote a healthy economy and our well-being.<\/span><\/p>\n<p>[\/et_pb_text][et_pb_button button_url=&#8221;https:\/\/wa.me\/+573152047012&#8243; url_new_window=&#8221;on&#8221; button_text=&#8221;Contactarme con un asesor&#8221; button_alignment=&#8221;center&#8221; _builder_version=&#8221;4.27.2&#8243; _module_preset=&#8221;_initial&#8221; button_text_size=&#8221;15px&#8221; button_bg_color=&#8221;gcid-577a0add-9b59-4144-add2-2ba7b7942539&#8243; button_border_width=&#8221;0px&#8221; button_border_radius=&#8221;25px&#8221; button_font=&#8221;Open Sans||||||||&#8221; button_use_icon=&#8221;off&#8221; positioning=&#8221;relative&#8221; horizontal_offset=&#8221;60px&#8221; custom_margin=&#8221;|||150px|false|false&#8221; animation_style=&#8221;fade&#8221; locked=&#8221;off&#8221; global_colors_info=&#8221;{%22gcid-577a0add-9b59-4144-add2-2ba7b7942539%22:%91%22button_bg_color%22%93}&#8221; button_text_size__hover=&#8221;18px&#8221;][\/et_pb_button][\/et_pb_column][\/et_pb_row][\/et_pb_section][et_pb_section fb_built=&#8221;1&#8243; inner_shadow=&#8221;off&#8221; _builder_version=&#8221;4.27.2&#8243; _module_preset=&#8221;default&#8221; background_color=&#8221;#f0f0f0&#8243; min_height=&#8221;28px&#8221; custom_margin=&#8221;||-47px||false|false&#8221; custom_padding=&#8221;0px|||||&#8221; hover_enabled=&#8221;0&#8243; da_disable_devices=&#8221;off|off|off&#8221; locked=&#8221;off&#8221; global_colors_info=&#8221;{}&#8221; sticky_enabled=&#8221;0&#8243; da_is_popup=&#8221;off&#8221; da_exit_intent=&#8221;off&#8221; da_has_close=&#8221;on&#8221; da_alt_close=&#8221;off&#8221; da_dark_close=&#8221;off&#8221; da_not_modal=&#8221;on&#8221; da_is_singular=&#8221;off&#8221; da_with_loader=&#8221;off&#8221; da_has_shadow=&#8221;on&#8221;][et_pb_row column_structure=&#8221;1_3,1_3,1_3&#8243; _builder_version=&#8221;4.27.0&#8243; _module_preset=&#8221;default&#8221; custom_margin=&#8221;6px|auto||auto|false|false&#8221; global_colors_info=&#8221;{}&#8221;][et_pb_column type=&#8221;1_3&#8243; _builder_version=&#8221;4.27.0&#8243; _module_preset=&#8221;default&#8221; global_colors_info=&#8221;{}&#8221;][et_pb_button button_url=&#8221;https:\/\/sanumbe.com\/renovarte-3\/&#8221; button_text=&#8221;Anterior Servicio&#8221; button_alignment=&#8221;left&#8221; _builder_version=&#8221;4.27.0&#8243; _module_preset=&#8221;default&#8221; button_text_color=&#8221;#0a0a0a&#8221; button_bg_color=&#8221;#f0f0f0&#8243; button_border_width=&#8221;0px&#8221; button_font=&#8221;League Spartan|100|||||||&#8221; button_icon=&#8221;&#x23;||divi||400&#8243; button_icon_color=&#8221;#0a0a0a&#8221; button_icon_placement=&#8221;left&#8221; global_colors_info=&#8221;{}&#8221;][\/et_pb_button][\/et_pb_column][et_pb_column type=&#8221;1_3&#8243; _builder_version=&#8221;4.27.0&#8243; _module_preset=&#8221;default&#8221; global_colors_info=&#8221;{}&#8221;][et_pb_button button_url=&#8221;https:\/\/sanumbe.com\/servicios\/&#8221; button_text=&#8221;Servicios&#8221; button_alignment=&#8221;center&#8221; _builder_version=&#8221;4.27.0&#8243; _module_preset=&#8221;default&#8221; button_text_color=&#8221;#0a0a0a&#8221; button_bg_color=&#8221;#f0f0f0&#8243; button_border_width=&#8221;0px&#8221; button_font=&#8221;League Spartan|100|||||||&#8221; button_icon=&#8221;&#xf7ae;||fa||900&#8243; button_icon_color=&#8221;#0a0a0a&#8221; global_colors_info=&#8221;{}&#8221;][\/et_pb_button][\/et_pb_column][et_pb_column type=&#8221;1_3&#8243; _builder_version=&#8221;4.27.0&#8243; _module_preset=&#8221;default&#8221; global_colors_info=&#8221;{}&#8221;][et_pb_button button_url=&#8221;https:\/\/sanumbe.com\/bienestar-integral-para-alto-impacto-2\/&#8221; button_text=&#8221;Siguiente Servicio&#8221; button_alignment=&#8221;right&#8221; _builder_version=&#8221;4.27.0&#8243; _module_preset=&#8221;default&#8221; button_text_color=&#8221;#0a0a0a&#8221; button_bg_color=&#8221;#f0f0f0&#8243; button_border_width=&#8221;0px&#8221; button_font=&#8221;League Spartan|100|||||||&#8221; button_icon=&#8221;&#x24;||divi||400&#8243; button_icon_color=&#8221;#0a0a0a&#8221; global_colors_info=&#8221;{}&#8221;][\/et_pb_button][\/et_pb_column][\/et_pb_row][\/et_pb_section]<\/p>","protected":false},"excerpt":{"rendered":"<p>Bienestar y FinanzasDescubre c\u00f3mo superar los l\u00edmites de la educaci\u00f3n financiera para lograr una verdadera estabilidad econ\u00f3mica. Obt\u00e9n herramientas pr\u00e1cticas y estrategias efectivas para gestionar tus finanzas de manera inteligente y asegurar un futuro econ\u00f3mico estable.\u00a1Potencia tu bienestar con finanzas s\u00f3lidas y saludables! Detox Financiero Acompa\u00f1ar a las personas en el desaf\u00edo de organizar sus [&hellip;]<\/p>","protected":false},"author":1,"featured_media":0,"parent":0,"menu_order":0,"comment_status":"closed","ping_status":"closed","template":"","meta":{"_et_pb_use_builder":"on","_et_pb_old_content":"","_et_gb_content_width":"","footnotes":""},"class_list":["post-2679","page","type-page","status-publish","hentry"],"_links":{"self":[{"href":"https:\/\/sanumbe.com\/en\/wp-json\/wp\/v2\/pages\/2679","targetHints":{"allow":["GET"]}}],"collection":[{"href":"https:\/\/sanumbe.com\/en\/wp-json\/wp\/v2\/pages"}],"about":[{"href":"https:\/\/sanumbe.com\/en\/wp-json\/wp\/v2\/types\/page"}],"author":[{"embeddable":true,"href":"https:\/\/sanumbe.com\/en\/wp-json\/wp\/v2\/users\/1"}],"replies":[{"embeddable":true,"href":"https:\/\/sanumbe.com\/en\/wp-json\/wp\/v2\/comments?post=2679"}],"version-history":[{"count":24,"href":"https:\/\/sanumbe.com\/en\/wp-json\/wp\/v2\/pages\/2679\/revisions"}],"predecessor-version":[{"id":3710,"href":"https:\/\/sanumbe.com\/en\/wp-json\/wp\/v2\/pages\/2679\/revisions\/3710"}],"wp:attachment":[{"href":"https:\/\/sanumbe.com\/en\/wp-json\/wp\/v2\/media?parent=2679"}],"curies":[{"name":"wp","href":"https:\/\/api.w.org\/{rel}","templated":true}]}}